{"id":24713,"date":"2024-12-21T08:43:12","date_gmt":"2024-12-21T08:43:12","guid":{"rendered":"https:\/?post_type=product&#038;p=24713"},"modified":"2026-04-09T20:48:22","modified_gmt":"2026-04-09T20:48:22","slug":"metalen-kandelaar-met-windlicht","status":"publish","type":"product","link":"https:\/\/zozowonen.nl\/de\/produkt\/metalen-kandelaar-met-windlicht\/","title":{"rendered":"Metallener Kerzenst\u00e4nder mit Rostmuster und Glaslaterne"},"content":{"rendered":"","protected":false},"excerpt":{"rendered":"<p>Dieser Kerzenst\u00e4nder aus rostfarbenem Metall mit Glaslaterne verleiht Ihrem Zuhause sofort eine stimmungsvolle Atmosph\u00e4re. Er l\u00e4sst sich wunderbar mit anderen Accessoires auf einem Tisch, Sideboard oder Fensterbrett kombinieren. Inklusive Glaslaterne. Auch die etwas kleinere Variante dieses Kerzenst\u00e4nders passt hervorragend dazu (siehe Abbildung).<\/p>\n<p>Einzeln erh\u00e4ltlich.<\/p>","protected":false},"featured_media":29130,"template":"","meta":{"_joinchat":[]},"product_brand":[],"product_cat":[29],"product_tag":[104,103,119],"class_list":{"0":"post-24713","1":"product","2":"type-product","3":"status-publish","4":"has-post-thumbnail","6":"product_cat-houten-kandelaars","7":"product_tag-kandelaar","8":"product_tag-kandelaar-metaal","9":"product_tag-metalen-kandelaar","11":"first","12":"instock","13":"taxable","14":"shipping-taxable","15":"purchasable","16":"product-type-variable"},"_links":{"self":[{"href":"https:\/\/zozowonen.nl\/de\/wp-json\/wp\/v2\/product\/24713","targetHints":{"allow":["GET"]}}],"collection":[{"href":"https:\/\/zozowonen.nl\/de\/wp-json\/wp\/v2\/product"}],"about":[{"href":"https:\/\/zozowonen.nl\/de\/wp-json\/wp\/v2\/types\/product"}],"version-history":[{"count":7,"href":"https:\/\/zozowonen.nl\/de\/wp-json\/wp\/v2\/product\/24713\/revisions"}],"predecessor-version":[{"id":29138,"href":"https:\/\/zozowonen.nl\/de\/wp-json\/wp\/v2\/product\/24713\/revisions\/29138"}],"wp:featuredmedia":[{"embeddable":true,"href":"https:\/\/zozowonen.nl\/de\/wp-json\/wp\/v2\/media\/29130"}],"wp:attachment":[{"href":"https:\/\/zozowonen.nl\/de\/wp-json\/wp\/v2\/media?parent=24713"}],"wp:term":[{"taxonomy":"product_brand","embeddable":true,"href":"https:\/\/zozowonen.nl\/de\/wp-json\/wp\/v2\/product_brand?post=24713"},{"taxonomy":"product_cat","embeddable":true,"href":"https:\/\/zozowonen.nl\/de\/wp-json\/wp\/v2\/product_cat?post=24713"},{"taxonomy":"product_tag","embeddable":true,"href":"https:\/\/zozowonen.nl\/de\/wp-json\/wp\/v2\/product_tag?post=24713"}],"curies":[{"name":"wp","href":"https:\/\/api.w.org\/{rel}","templated":true}]}}