{"id":24644,"date":"2024-12-16T14:46:48","date_gmt":"2024-12-16T14:46:48","guid":{"rendered":"https:\/?post_type=product&#038;p=24644"},"modified":"2026-04-28T06:36:18","modified_gmt":"2026-04-28T06:36:18","slug":"theelichthouder","status":"publish","type":"product","link":"https:\/\/zozowonen.nl\/de\/produkt\/theelichthouder\/","title":{"rendered":"Teelichthalter \u2013 h\u00e4ngend \u2013 17 cm"},"content":{"rendered":"","protected":false},"excerpt":{"rendered":"<p>Ob Sie einen romantischen Abend zu zweit planen oder eine gem\u00fctliche Atmosph\u00e4re f\u00fcr einen entspannten Abend zu Hause schaffen m\u00f6chten \u2013 diese Teelichthalter sind die perfekte Wahl. Ihr robustes Design verleiht ihnen einen zeitlosen Charme, der zu verschiedenen Einrichtungsstilen passt.<\/p>","protected":false},"featured_media":24647,"template":"","meta":{"_joinchat":[]},"product_brand":[],"product_cat":[1336],"product_tag":[266,907],"class_list":{"0":"post-24644","1":"product","2":"type-product","3":"status-publish","4":"has-post-thumbnail","6":"product_cat-theelichthouders","7":"product_tag-theelichthouder","8":"product_tag-theelichthouder-hangend","10":"first","11":"instock","12":"taxable","13":"shipping-taxable","14":"purchasable","15":"product-type-simple"},"_links":{"self":[{"href":"https:\/\/zozowonen.nl\/de\/wp-json\/wp\/v2\/product\/24644","targetHints":{"allow":["GET"]}}],"collection":[{"href":"https:\/\/zozowonen.nl\/de\/wp-json\/wp\/v2\/product"}],"about":[{"href":"https:\/\/zozowonen.nl\/de\/wp-json\/wp\/v2\/types\/product"}],"version-history":[{"count":4,"href":"https:\/\/zozowonen.nl\/de\/wp-json\/wp\/v2\/product\/24644\/revisions"}],"predecessor-version":[{"id":32535,"href":"https:\/\/zozowonen.nl\/de\/wp-json\/wp\/v2\/product\/24644\/revisions\/32535"}],"wp:featuredmedia":[{"embeddable":true,"href":"https:\/\/zozowonen.nl\/de\/wp-json\/wp\/v2\/media\/24647"}],"wp:attachment":[{"href":"https:\/\/zozowonen.nl\/de\/wp-json\/wp\/v2\/media?parent=24644"}],"wp:term":[{"taxonomy":"product_brand","embeddable":true,"href":"https:\/\/zozowonen.nl\/de\/wp-json\/wp\/v2\/product_brand?post=24644"},{"taxonomy":"product_cat","embeddable":true,"href":"https:\/\/zozowonen.nl\/de\/wp-json\/wp\/v2\/product_cat?post=24644"},{"taxonomy":"product_tag","embeddable":true,"href":"https:\/\/zozowonen.nl\/de\/wp-json\/wp\/v2\/product_tag?post=24644"}],"curies":[{"name":"wp","href":"https:\/\/api.w.org\/{rel}","templated":true}]}}