{"id":24451,"date":"2024-12-01T09:27:02","date_gmt":"2024-12-01T09:27:02","guid":{"rendered":"https:\/?post_type=product&#038;p=24451"},"modified":"2025-03-03T15:44:22","modified_gmt":"2025-03-03T15:44:22","slug":"houten-graan-kandelaar-20cm","status":"publish","type":"product","link":"https:\/\/zozowonen.nl\/de\/produkt\/houten-graan-kandelaar-20cm\/","title":{"rendered":"Kerzenhalter mit Holzmaserung \u2013 20 cm"},"content":{"rendered":"","protected":false},"excerpt":{"rendered":"<p>Dieser Kerzenhalter mit Holzmaserung ist ein wundersch\u00f6nes Dekorationsobjekt, das Ihrem Zuhause Atmosph\u00e4re und W\u00e4rme verleiht. Sie k\u00f6nnen ihn auf Ihrem Tisch, einem Sideboard oder einem sch\u00f6nen Schrank platzieren. Perfekt, um ein stimmungsvolles Ambiente zu schaffen.<\/p>\n<ul>\n<li>Oberer Durchmesser: 15 cm.<\/li>\n<li>Fu\u00dfl\u00e4nge: +\/- 15 cm.<\/li>\n<\/ul>","protected":false},"featured_media":24454,"template":"","meta":{"_joinchat":[]},"product_brand":[],"product_cat":[29,931],"product_tag":[90,88,827,89],"class_list":{"0":"post-24451","1":"product","2":"type-product","3":"status-publish","4":"has-post-thumbnail","6":"product_cat-houten-kandelaars","7":"product_cat-sale","8":"product_tag-houten-kaarsenstandaard","9":"product_tag-houten-kandelaar","10":"product_tag-houten-kandelaar-landelijk","11":"product_tag-kandelaar-hout","13":"first","14":"instock","15":"sale","16":"taxable","17":"shipping-taxable","18":"purchasable","19":"product-type-simple"},"_links":{"self":[{"href":"https:\/\/zozowonen.nl\/de\/wp-json\/wp\/v2\/product\/24451","targetHints":{"allow":["GET"]}}],"collection":[{"href":"https:\/\/zozowonen.nl\/de\/wp-json\/wp\/v2\/product"}],"about":[{"href":"https:\/\/zozowonen.nl\/de\/wp-json\/wp\/v2\/types\/product"}],"version-history":[{"count":1,"href":"https:\/\/zozowonen.nl\/de\/wp-json\/wp\/v2\/product\/24451\/revisions"}],"predecessor-version":[{"id":25823,"href":"https:\/\/zozowonen.nl\/de\/wp-json\/wp\/v2\/product\/24451\/revisions\/25823"}],"wp:featuredmedia":[{"embeddable":true,"href":"https:\/\/zozowonen.nl\/de\/wp-json\/wp\/v2\/media\/24454"}],"wp:attachment":[{"href":"https:\/\/zozowonen.nl\/de\/wp-json\/wp\/v2\/media?parent=24451"}],"wp:term":[{"taxonomy":"product_brand","embeddable":true,"href":"https:\/\/zozowonen.nl\/de\/wp-json\/wp\/v2\/product_brand?post=24451"},{"taxonomy":"product_cat","embeddable":true,"href":"https:\/\/zozowonen.nl\/de\/wp-json\/wp\/v2\/product_cat?post=24451"},{"taxonomy":"product_tag","embeddable":true,"href":"https:\/\/zozowonen.nl\/de\/wp-json\/wp\/v2\/product_tag?post=24451"}],"curies":[{"name":"wp","href":"https:\/\/api.w.org\/{rel}","templated":true}]}}