{"id":24429,"date":"2024-11-29T18:45:18","date_gmt":"2024-11-29T18:45:18","guid":{"rendered":"https:\/?post_type=product&#038;p=24429"},"modified":"2025-09-09T17:39:33","modified_gmt":"2025-09-09T17:39:33","slug":"kandelaar-steen-3","status":"publish","type":"product","link":"https:\/\/zozowonen.nl\/de\/produkt\/kandelaar-steen-3\/","title":{"rendered":"Kerzenst\u00e4nder \u2013 Stein \u2013 19 cm"},"content":{"rendered":"","protected":false},"excerpt":{"rendered":"<p>Wundersch\u00f6ner Kerzenst\u00e4nder aus Stein. Passt zu verschiedenen Einrichtungsstilen. Die raue Oberfl\u00e4che verleiht ihm einen einzigartigen Charakter.<\/p>\n<p>Einzeln erh\u00e4ltlich.<br \/>\nBasisdurchmesser: 15 cm.<\/p>","protected":false},"featured_media":23303,"template":"","meta":{"_joinchat":[]},"product_brand":[],"product_cat":[29],"product_tag":[104,991],"class_list":{"0":"post-24429","1":"product","2":"type-product","3":"status-publish","4":"has-post-thumbnail","6":"product_cat-houten-kandelaars","7":"product_tag-kandelaar","8":"product_tag-stenen-kandelaar","10":"first","11":"instock","12":"taxable","13":"shipping-taxable","14":"purchasable","15":"product-type-simple"},"_links":{"self":[{"href":"https:\/\/zozowonen.nl\/de\/wp-json\/wp\/v2\/product\/24429","targetHints":{"allow":["GET"]}}],"collection":[{"href":"https:\/\/zozowonen.nl\/de\/wp-json\/wp\/v2\/product"}],"about":[{"href":"https:\/\/zozowonen.nl\/de\/wp-json\/wp\/v2\/types\/product"}],"version-history":[{"count":0,"href":"https:\/\/zozowonen.nl\/de\/wp-json\/wp\/v2\/product\/24429\/revisions"}],"wp:featuredmedia":[{"embeddable":true,"href":"https:\/\/zozowonen.nl\/de\/wp-json\/wp\/v2\/media\/23303"}],"wp:attachment":[{"href":"https:\/\/zozowonen.nl\/de\/wp-json\/wp\/v2\/media?parent=24429"}],"wp:term":[{"taxonomy":"product_brand","embeddable":true,"href":"https:\/\/zozowonen.nl\/de\/wp-json\/wp\/v2\/product_brand?post=24429"},{"taxonomy":"product_cat","embeddable":true,"href":"https:\/\/zozowonen.nl\/de\/wp-json\/wp\/v2\/product_cat?post=24429"},{"taxonomy":"product_tag","embeddable":true,"href":"https:\/\/zozowonen.nl\/de\/wp-json\/wp\/v2\/product_tag?post=24429"}],"curies":[{"name":"wp","href":"https:\/\/api.w.org\/{rel}","templated":true}]}}