{"id":24274,"date":"2024-11-23T14:55:32","date_gmt":"2024-11-23T14:55:32","guid":{"rendered":"https:\/?post_type=product&#038;p=24274"},"modified":"2026-04-21T12:43:29","modified_gmt":"2026-04-21T12:43:29","slug":"raamshutter-2","status":"publish","type":"product","link":"https:\/\/zozowonen.nl\/de\/produkt\/raamshutter-2\/","title":{"rendered":"Fensterladen \u2013 2-teilig \u2013 Teakholz \u2013 40 cm"},"content":{"rendered":"<div data-elementor-type=\"wp-post\" data-elementor-id=\"24274\" class=\"elementor elementor-24274\">\n\t\t\t\t\t\t<section class=\"wd-negative-gap elementor-section elementor-top-section elementor-element elementor-element-fc57476 elementor-section-boxed elementor-section-height-default elementor-section-height-default\" data-id=\"fc57476\" data-element_type=\"section\" data-e-type=\"section\">\n\t\t\t\t\t\t<div class=\"elementor-container elementor-column-gap-default\">\n\t\t\t\t\t<div class=\"elementor-column elementor-col-100 elementor-top-column elementor-element elementor-element-9477485\" data-id=\"9477485\" data-element_type=\"column\" data-e-type=\"column\">\n\t\t\t<div class=\"elementor-widget-wrap elementor-element-populated\">\n\t\t\t\t\t\t<div class=\"elementor-element elementor-element-43fd161 elementor-widget elementor-widget-wd_text_block\" data-id=\"43fd161\" data-element_type=\"widget\" data-e-type=\"widget\" data-widget_type=\"wd_text_block.default\">\n\t\t\t\t<div class=\"elementor-widget-container\">\n\t\t\t\t\t\t\t<div class=\"wd-text-block reset-last-child text-left\">\n\t\t\t\n\t\t\t<p><strong>Was genau ist Teakholz?<\/strong><\/p><p>Teakholz stammt vom Teakbaum (Tectona grandis), einem gro\u00dfen Laubbaum, der in S\u00fcdostasien beheimatet ist. Teakholz ist bekannt f\u00fcr seine Langlebigkeit, seine nat\u00fcrliche Sch\u00f6nheit und seine Resistenz gegen Termiten und andere sch\u00e4dliche Einfl\u00fcsse. Aufgrund dieser Eigenschaften wird Teakholz h\u00e4ufig f\u00fcr die M\u00f6belherstellung verwendet, insbesondere dort, wo Langlebigkeit und Widerstandsf\u00e4higkeit wichtig sind.<\/p><p>Eine besondere Eigenschaft von Teakholz ist seine F\u00e4higkeit, mit der Zeit durch Sonneneinstrahlung und Witterungseinfl\u00fcsse eine silbergraue Patina zu entwickeln. Viele sch\u00e4tzen diesen gealterten Look, doch l\u00e4sst sich die urspr\u00fcngliche Farbe durch regelm\u00e4\u00dfige Reinigung und Pflege erhalten.<\/p><p>Teeholz hat zudem ein rustikales Aussehen und eignet sich daher perfekt f\u00fcr eine Einrichtung im Landhausstil.<\/p>\n\t\t\t\t\t<\/div>\n\t\t\t\t\t\t<\/div>\n\t\t\t\t<\/div>\n\t\t\t\t\t<\/div>\n\t\t<\/div>\n\t\t\t\t\t<\/div>\n\t\t<\/section>\n\t\t\t\t<\/div>","protected":false},"excerpt":{"rendered":"<p>Wundersch\u00f6ne Dekoration <strong>Fensterladen<\/strong> Bestehend aus zwei Fensterl\u00e4den aus Teakholz. Eignet sich beispielsweise hervorragend als Fensterbankdekoration. Eine stilvolle Erg\u00e4nzung f\u00fcr Ihr Wohnzimmer, die Ihnen gleichzeitig die M\u00f6glichkeit bietet, den Lichteinfall zu regulieren und bei Bedarf Privatsph\u00e4re zu schaffen.<\/p>\n<p><strong>Bitte beachten Sie: Es kann zu leichten Unterschieden in Textur, Holzmaserung und Farbe der einzelnen Fensterl\u00e4den kommen.<\/strong><\/p>","protected":false},"featured_media":27469,"template":"","meta":{"_joinchat":[]},"product_brand":[],"product_cat":[1307],"product_tag":[574,573,572,1741],"class_list":{"0":"post-24274","1":"product","2":"type-product","3":"status-publish","4":"has-post-thumbnail","6":"product_cat-raamshutters","7":"product_tag-louvre-luiken-binnen","8":"product_tag-louvre-luiken-landelijk","9":"product_tag-louvre-luiken-vensterbank","10":"product_tag-raamshutter","12":"first","13":"outofstock","14":"taxable","15":"shipping-taxable","16":"purchasable","17":"product-type-simple"},"_links":{"self":[{"href":"https:\/\/zozowonen.nl\/de\/wp-json\/wp\/v2\/product\/24274","targetHints":{"allow":["GET"]}}],"collection":[{"href":"https:\/\/zozowonen.nl\/de\/wp-json\/wp\/v2\/product"}],"about":[{"href":"https:\/\/zozowonen.nl\/de\/wp-json\/wp\/v2\/types\/product"}],"version-history":[{"count":3,"href":"https:\/\/zozowonen.nl\/de\/wp-json\/wp\/v2\/product\/24274\/revisions"}],"predecessor-version":[{"id":27960,"href":"https:\/\/zozowonen.nl\/de\/wp-json\/wp\/v2\/product\/24274\/revisions\/27960"}],"wp:featuredmedia":[{"embeddable":true,"href":"https:\/\/zozowonen.nl\/de\/wp-json\/wp\/v2\/media\/27469"}],"wp:attachment":[{"href":"https:\/\/zozowonen.nl\/de\/wp-json\/wp\/v2\/media?parent=24274"}],"wp:term":[{"taxonomy":"product_brand","embeddable":true,"href":"https:\/\/zozowonen.nl\/de\/wp-json\/wp\/v2\/product_brand?post=24274"},{"taxonomy":"product_cat","embeddable":true,"href":"https:\/\/zozowonen.nl\/de\/wp-json\/wp\/v2\/product_cat?post=24274"},{"taxonomy":"product_tag","embeddable":true,"href":"https:\/\/zozowonen.nl\/de\/wp-json\/wp\/v2\/product_tag?post=24274"}],"curies":[{"name":"wp","href":"https:\/\/api.w.org\/{rel}","templated":true}]}}