{"id":23808,"date":"2024-10-31T09:05:02","date_gmt":"2024-10-31T09:05:02","guid":{"rendered":"https:\/?post_type=product&#038;p=23808"},"modified":"2025-12-19T12:59:23","modified_gmt":"2025-12-19T12:59:23","slug":"vensterbank-tafeltje-black-washed-38cm","status":"publish","type":"product","link":"https:\/\/zozowonen.nl\/de\/produkt\/vensterbank-tafeltje-black-washed-38cm\/","title":{"rendered":"Fensterbanktisch \u2013 Schwarz gewaschen \u2013 38 cm"},"content":{"rendered":"","protected":false},"excerpt":{"rendered":"<p>Ein wundersch\u00f6ner, schwarz gewaschener Fensterbanktisch aus Holz, der Ihre Fensterbank perfekt in Szene setzt. Handgefertigt aus hochwertigem Holz, verspr\u00fcht dieser Fensterbanktisch Charme. Dank seiner kompakten Gr\u00f6\u00dfe passt er ideal auf Fensterb\u00e4nke und tr\u00e4gt so m\u00fchelos zu einer gem\u00fctlichen Atmosph\u00e4re im Landhausstil bei. Dekorieren Sie ihn mit Blumen, Kerzen oder anderen Accessoires.<\/p>\n<p>Bei Black Wash ist die Farbe nicht vollst\u00e4ndig deckend. Das ist normal.<\/p>","protected":false},"featured_media":21439,"template":"","meta":{"_joinchat":[]},"product_brand":[],"product_cat":[43],"product_tag":[852,849,850],"class_list":{"0":"post-23808","1":"product","2":"type-product","3":"status-publish","4":"has-post-thumbnail","6":"product_cat-landelijke-woonaccessoires","7":"product_tag-houten-bajot","8":"product_tag-vensterbank-tafel-hout","9":"product_tag-vensterbank-tafeltje","11":"first","12":"instock","13":"taxable","14":"shipping-taxable","15":"purchasable","16":"product-type-simple"},"_links":{"self":[{"href":"https:\/\/zozowonen.nl\/de\/wp-json\/wp\/v2\/product\/23808","targetHints":{"allow":["GET"]}}],"collection":[{"href":"https:\/\/zozowonen.nl\/de\/wp-json\/wp\/v2\/product"}],"about":[{"href":"https:\/\/zozowonen.nl\/de\/wp-json\/wp\/v2\/types\/product"}],"version-history":[{"count":1,"href":"https:\/\/zozowonen.nl\/de\/wp-json\/wp\/v2\/product\/23808\/revisions"}],"predecessor-version":[{"id":26758,"href":"https:\/\/zozowonen.nl\/de\/wp-json\/wp\/v2\/product\/23808\/revisions\/26758"}],"wp:featuredmedia":[{"embeddable":true,"href":"https:\/\/zozowonen.nl\/de\/wp-json\/wp\/v2\/media\/21439"}],"wp:attachment":[{"href":"https:\/\/zozowonen.nl\/de\/wp-json\/wp\/v2\/media?parent=23808"}],"wp:term":[{"taxonomy":"product_brand","embeddable":true,"href":"https:\/\/zozowonen.nl\/de\/wp-json\/wp\/v2\/product_brand?post=23808"},{"taxonomy":"product_cat","embeddable":true,"href":"https:\/\/zozowonen.nl\/de\/wp-json\/wp\/v2\/product_cat?post=23808"},{"taxonomy":"product_tag","embeddable":true,"href":"https:\/\/zozowonen.nl\/de\/wp-json\/wp\/v2\/product_tag?post=23808"}],"curies":[{"name":"wp","href":"https:\/\/api.w.org\/{rel}","templated":true}]}}