{"id":23705,"date":"2024-10-28T08:13:08","date_gmt":"2024-10-28T08:13:08","guid":{"rendered":"https:\/?post_type=product&#038;p=23705"},"modified":"2025-09-19T07:24:42","modified_gmt":"2025-09-19T07:24:42","slug":"glazen-onderzetters-in-houder","status":"publish","type":"product","link":"https:\/\/zozowonen.nl\/de\/produkt\/glazen-onderzetters-in-houder\/","title":{"rendered":"Glasuntersetzer im Halter \u2013 4 St\u00fcck"},"content":{"rendered":"","protected":false},"excerpt":{"rendered":"<p>Wundersch\u00f6ne, rustikale Glasuntersetzer. Jeder Untersetzer hat ein einzigartiges Muster, das hervorragend zu einer rustikalen oder Vintage-Einrichtung passt.<\/p>\n<p>Das Set besteht aus 4 Untersetzern und wird mit einem Halter geliefert, sodass Sie sie einfach und ordentlich aufbewahren k\u00f6nnen. Sie sch\u00fctzen Ihren Tisch vor R\u00e4ndern und Flecken und sind gleichzeitig eine dekorative Erg\u00e4nzung f\u00fcr Ihre Einrichtung. Die Unterseite der Untersetzer ist mit 3 Filzgleitern versehen.<\/p>","protected":false},"featured_media":27346,"template":"","meta":{"_joinchat":[]},"product_brand":[],"product_cat":[71],"product_tag":[764],"class_list":{"0":"post-23705","1":"product","2":"type-product","3":"status-publish","4":"has-post-thumbnail","6":"product_cat-onderzetters","7":"product_tag-houten-onderzetters","9":"first","10":"instock","11":"taxable","12":"shipping-taxable","13":"purchasable","14":"product-type-simple"},"_links":{"self":[{"href":"https:\/\/zozowonen.nl\/de\/wp-json\/wp\/v2\/product\/23705","targetHints":{"allow":["GET"]}}],"collection":[{"href":"https:\/\/zozowonen.nl\/de\/wp-json\/wp\/v2\/product"}],"about":[{"href":"https:\/\/zozowonen.nl\/de\/wp-json\/wp\/v2\/types\/product"}],"version-history":[{"count":5,"href":"https:\/\/zozowonen.nl\/de\/wp-json\/wp\/v2\/product\/23705\/revisions"}],"predecessor-version":[{"id":27349,"href":"https:\/\/zozowonen.nl\/de\/wp-json\/wp\/v2\/product\/23705\/revisions\/27349"}],"wp:featuredmedia":[{"embeddable":true,"href":"https:\/\/zozowonen.nl\/de\/wp-json\/wp\/v2\/media\/27346"}],"wp:attachment":[{"href":"https:\/\/zozowonen.nl\/de\/wp-json\/wp\/v2\/media?parent=23705"}],"wp:term":[{"taxonomy":"product_brand","embeddable":true,"href":"https:\/\/zozowonen.nl\/de\/wp-json\/wp\/v2\/product_brand?post=23705"},{"taxonomy":"product_cat","embeddable":true,"href":"https:\/\/zozowonen.nl\/de\/wp-json\/wp\/v2\/product_cat?post=23705"},{"taxonomy":"product_tag","embeddable":true,"href":"https:\/\/zozowonen.nl\/de\/wp-json\/wp\/v2\/product_tag?post=23705"}],"curies":[{"name":"wp","href":"https:\/\/api.w.org\/{rel}","templated":true}]}}