{"id":23537,"date":"2024-10-16T13:16:45","date_gmt":"2024-10-16T13:16:45","guid":{"rendered":"https:\/?post_type=product&#038;p=23537"},"modified":"2026-01-04T12:58:06","modified_gmt":"2026-01-04T12:58:06","slug":"windlicht-glas","status":"publish","type":"product","link":"https:\/\/zozowonen.nl\/de\/produkt\/windlicht-glas\/","title":{"rendered":"Glaslaterne \u2013 7 cm"},"content":{"rendered":"","protected":false},"excerpt":{"rendered":"<p>Mit dieser stilvollen Glaslaterne bringen Sie im Handumdrehen W\u00e4rme und Atmosph\u00e4re in Ihr Zuhause. Platzieren Sie sie auf einem Tisch oder einem passenden Kerzenst\u00e4nder, und schon haben Sie einen stimmungsvollen Blickfang. Das zeitlose Design passt zu jedem Einrichtungsstil, egal ob modern oder l\u00e4ndlich.<\/p>","protected":false},"featured_media":26203,"template":"","meta":{"_joinchat":[]},"product_brand":[],"product_cat":[43],"product_tag":[1379,863,1380],"class_list":{"0":"post-23537","1":"product","2":"type-product","3":"status-publish","4":"has-post-thumbnail","6":"product_cat-landelijke-woonaccessoires","7":"product_tag-glazen-windlicht","8":"product_tag-windlicht-glas","9":"product_tag-windlichtglas","11":"first","12":"instock","13":"taxable","14":"shipping-taxable","15":"purchasable","16":"product-type-simple"},"_links":{"self":[{"href":"https:\/\/zozowonen.nl\/de\/wp-json\/wp\/v2\/product\/23537","targetHints":{"allow":["GET"]}}],"collection":[{"href":"https:\/\/zozowonen.nl\/de\/wp-json\/wp\/v2\/product"}],"about":[{"href":"https:\/\/zozowonen.nl\/de\/wp-json\/wp\/v2\/types\/product"}],"version-history":[{"count":2,"href":"https:\/\/zozowonen.nl\/de\/wp-json\/wp\/v2\/product\/23537\/revisions"}],"predecessor-version":[{"id":26205,"href":"https:\/\/zozowonen.nl\/de\/wp-json\/wp\/v2\/product\/23537\/revisions\/26205"}],"wp:featuredmedia":[{"embeddable":true,"href":"https:\/\/zozowonen.nl\/de\/wp-json\/wp\/v2\/media\/26203"}],"wp:attachment":[{"href":"https:\/\/zozowonen.nl\/de\/wp-json\/wp\/v2\/media?parent=23537"}],"wp:term":[{"taxonomy":"product_brand","embeddable":true,"href":"https:\/\/zozowonen.nl\/de\/wp-json\/wp\/v2\/product_brand?post=23537"},{"taxonomy":"product_cat","embeddable":true,"href":"https:\/\/zozowonen.nl\/de\/wp-json\/wp\/v2\/product_cat?post=23537"},{"taxonomy":"product_tag","embeddable":true,"href":"https:\/\/zozowonen.nl\/de\/wp-json\/wp\/v2\/product_tag?post=23537"}],"curies":[{"name":"wp","href":"https:\/\/api.w.org\/{rel}","templated":true}]}}