{"id":22602,"date":"2024-08-11T07:33:07","date_gmt":"2024-08-11T07:33:07","guid":{"rendered":"https:\/?post_type=product&#038;p=22602"},"modified":"2025-04-08T14:56:35","modified_gmt":"2025-04-08T14:56:35","slug":"olielamp-beton","status":"publish","type":"product","link":"https:\/\/zozowonen.nl\/de\/produkt\/olielamp-beton\/","title":{"rendered":"\u00d6llampe aus Beton"},"content":{"rendered":"","protected":false},"excerpt":{"rendered":"<p>Runde \u00d6llampe aus Beton. Die Lampe wird mit Lampen\u00f6l betrieben. Das \u00d6l l\u00e4sst sich ganz einfach von oben einf\u00fcllen. Anschlie\u00dfend kann die Flamme mit dem beiliegenden Flammenl\u00f6scher problemlos gel\u00f6scht werden.<\/p>","protected":false},"featured_media":22606,"template":"","meta":{"_joinchat":[]},"product_brand":[],"product_cat":[1285],"product_tag":[1341,1340,1342],"class_list":{"0":"post-22602","1":"product","2":"type-product","3":"status-publish","4":"has-post-thumbnail","6":"product_cat-tuin-decoratie","7":"product_tag-oliebrander","8":"product_tag-olielamp","9":"product_tag-olielampje","11":"first","12":"instock","13":"taxable","14":"shipping-taxable","15":"purchasable","16":"product-type-simple"},"_links":{"self":[{"href":"https:\/\/zozowonen.nl\/de\/wp-json\/wp\/v2\/product\/22602","targetHints":{"allow":["GET"]}}],"collection":[{"href":"https:\/\/zozowonen.nl\/de\/wp-json\/wp\/v2\/product"}],"about":[{"href":"https:\/\/zozowonen.nl\/de\/wp-json\/wp\/v2\/types\/product"}],"version-history":[{"count":0,"href":"https:\/\/zozowonen.nl\/de\/wp-json\/wp\/v2\/product\/22602\/revisions"}],"wp:featuredmedia":[{"embeddable":true,"href":"https:\/\/zozowonen.nl\/de\/wp-json\/wp\/v2\/media\/22606"}],"wp:attachment":[{"href":"https:\/\/zozowonen.nl\/de\/wp-json\/wp\/v2\/media?parent=22602"}],"wp:term":[{"taxonomy":"product_brand","embeddable":true,"href":"https:\/\/zozowonen.nl\/de\/wp-json\/wp\/v2\/product_brand?post=22602"},{"taxonomy":"product_cat","embeddable":true,"href":"https:\/\/zozowonen.nl\/de\/wp-json\/wp\/v2\/product_cat?post=22602"},{"taxonomy":"product_tag","embeddable":true,"href":"https:\/\/zozowonen.nl\/de\/wp-json\/wp\/v2\/product_tag?post=22602"}],"curies":[{"name":"wp","href":"https:\/\/api.w.org\/{rel}","templated":true}]}}