{"id":22332,"date":"2024-07-25T12:24:26","date_gmt":"2024-07-25T12:24:26","guid":{"rendered":"https:\/?post_type=product&#038;p=22332"},"modified":"2026-01-29T15:49:08","modified_gmt":"2026-01-29T15:49:08","slug":"kamerscherm-117cm-black-washed","status":"publish","type":"product","link":"https:\/\/zozowonen.nl\/de\/produkt\/kamerscherm-117cm-black-washed\/","title":{"rendered":"Raumteiler \u2013 3-teilig \u2013 117 cm \u2013 Schwarz"},"content":{"rendered":"","protected":false},"excerpt":{"rendered":"<p>Wundersch\u00f6ner, dreiteiliger Raumteiler. Dieser handgefertigte Raumteiler ist die perfekte L\u00f6sung, um R\u00e4ume stilvoll und praktisch zu unterteilen. Ob Sie einen zus\u00e4tzlichen Arbeitsbereich schaffen, eine gem\u00fctliche Ecke abtrennen oder ein dekoratives Element suchen \u2013 ein Raumteiler bietet unz\u00e4hlige M\u00f6glichkeiten.<\/p>\n<p>Der Fensterladen ist mit zwei Anstrichen unterschiedlicher Kreidefarben versehen, wodurch ein authentischer, gealterter Look entsteht. Helle Stellen und geschliffene Bereiche sind in der schwarzen Kreidefarbe bewusst sichtbar, was den charakteristischen Vintage-Effekt erzeugt.<\/p>","protected":false},"featured_media":28847,"template":"","meta":{"_joinchat":[]},"product_brand":[],"product_cat":[1307,931],"product_tag":[1308,973,974,975],"class_list":{"0":"post-22332","1":"product","2":"type-product","3":"status-publish","4":"has-post-thumbnail","6":"product_cat-raamshutters","7":"product_cat-sale","8":"product_tag-raam-shutters","9":"product_tag-shutters","10":"product_tag-shutters-ramen","11":"product_tag-shutters-voor-het-raam","13":"first","14":"instock","15":"sale","16":"taxable","17":"shipping-taxable","18":"purchasable","19":"product-type-simple"},"_links":{"self":[{"href":"https:\/\/zozowonen.nl\/de\/wp-json\/wp\/v2\/product\/22332","targetHints":{"allow":["GET"]}}],"collection":[{"href":"https:\/\/zozowonen.nl\/de\/wp-json\/wp\/v2\/product"}],"about":[{"href":"https:\/\/zozowonen.nl\/de\/wp-json\/wp\/v2\/types\/product"}],"version-history":[{"count":2,"href":"https:\/\/zozowonen.nl\/de\/wp-json\/wp\/v2\/product\/22332\/revisions"}],"predecessor-version":[{"id":28851,"href":"https:\/\/zozowonen.nl\/de\/wp-json\/wp\/v2\/product\/22332\/revisions\/28851"}],"wp:featuredmedia":[{"embeddable":true,"href":"https:\/\/zozowonen.nl\/de\/wp-json\/wp\/v2\/media\/28847"}],"wp:attachment":[{"href":"https:\/\/zozowonen.nl\/de\/wp-json\/wp\/v2\/media?parent=22332"}],"wp:term":[{"taxonomy":"product_brand","embeddable":true,"href":"https:\/\/zozowonen.nl\/de\/wp-json\/wp\/v2\/product_brand?post=22332"},{"taxonomy":"product_cat","embeddable":true,"href":"https:\/\/zozowonen.nl\/de\/wp-json\/wp\/v2\/product_cat?post=22332"},{"taxonomy":"product_tag","embeddable":true,"href":"https:\/\/zozowonen.nl\/de\/wp-json\/wp\/v2\/product_tag?post=22332"}],"curies":[{"name":"wp","href":"https:\/\/api.w.org\/{rel}","templated":true}]}}