{"id":22173,"date":"2024-07-08T11:34:59","date_gmt":"2024-07-08T11:34:59","guid":{"rendered":"https:\/?post_type=product&#038;p=22173"},"modified":"2026-04-28T06:41:26","modified_gmt":"2026-04-28T06:41:26","slug":"theelichthouder-hangend-34cm","status":"publish","type":"product","link":"https:\/\/zozowonen.nl\/de\/produkt\/theelichthouder-hangend-34cm\/","title":{"rendered":"Teelichthalter \u2013 h\u00e4ngend \u2013 34 cm"},"content":{"rendered":"<div data-elementor-type=\"wp-post\" data-elementor-id=\"22173\" class=\"elementor elementor-22173\">\n\t\t\t\t\t\t<section class=\"wd-negative-gap elementor-section elementor-top-section elementor-element elementor-element-e86d28c elementor-section-boxed elementor-section-height-default elementor-section-height-default\" data-id=\"e86d28c\" data-element_type=\"section\" data-e-type=\"section\">\n\t\t\t\t\t\t<div class=\"elementor-container elementor-column-gap-default\">\n\t\t\t\t\t<div class=\"elementor-column elementor-col-100 elementor-top-column elementor-element elementor-element-9af1b12\" data-id=\"9af1b12\" data-element_type=\"column\" data-e-type=\"column\">\n\t\t\t<div class=\"elementor-widget-wrap elementor-element-populated\">\n\t\t\t\t\t\t<div class=\"elementor-element elementor-element-040fe40 elementor-widget elementor-widget-wd_text_block\" data-id=\"040fe40\" data-element_type=\"widget\" data-e-type=\"widget\" data-widget_type=\"wd_text_block.default\">\n\t\t\t\t<div class=\"elementor-widget-container\">\n\t\t\t\t\t\t\t<div class=\"wd-text-block reset-last-child text-left\">\n\t\t\t\n\t\t\t<p><strong>Warum sollten Sie sich f\u00fcr unsere Teelichthalter aus Gusseisen entscheiden?<\/strong><\/p><ul><li><strong>Nachhaltigkeit:<\/strong> Gusseisen ist bekannt f\u00fcr seine Robustheit und Langlebigkeit. Unsere Teelichthalter werden mit Sorgfalt gefertigt und sind f\u00fcr Generationen gemacht.<\/li><li><strong>Elegantes Design:<\/strong> Unsere Teelichthalter aus Gusseisen sind mit viel Liebe zum Detail gestaltet. Sie haben ein edles Aussehen, das perfekt zu modernen wie auch klassischen Interieurs passt.<\/li><\/ul>\n\t\t\t\t\t<\/div>\n\t\t\t\t\t\t<\/div>\n\t\t\t\t<\/div>\n\t\t\t\t\t<\/div>\n\t\t<\/div>\n\t\t\t\t\t<\/div>\n\t\t<\/section>\n\t\t\t\t<\/div>","protected":false},"excerpt":{"rendered":"<p>Ob Sie einen romantischen Abend zu zweit planen oder eine gem\u00fctliche Atmosph\u00e4re f\u00fcr einen entspannten Abend zu Hause schaffen m\u00f6chten \u2013 diese Teelichthalter sind die perfekte Wahl. Ihr robustes Design verleiht ihnen einen zeitlosen Charme, der zu verschiedenen Einrichtungsstilen passt.<\/p>","protected":false},"featured_media":22380,"template":"","meta":{"_joinchat":[]},"product_brand":[],"product_cat":[1336],"product_tag":[266,907],"class_list":{"0":"post-22173","1":"product","2":"type-product","3":"status-publish","4":"has-post-thumbnail","6":"product_cat-theelichthouders","7":"product_tag-theelichthouder","8":"product_tag-theelichthouder-hangend","10":"first","11":"instock","12":"taxable","13":"shipping-taxable","14":"purchasable","15":"product-type-simple"},"_links":{"self":[{"href":"https:\/\/zozowonen.nl\/de\/wp-json\/wp\/v2\/product\/22173","targetHints":{"allow":["GET"]}}],"collection":[{"href":"https:\/\/zozowonen.nl\/de\/wp-json\/wp\/v2\/product"}],"about":[{"href":"https:\/\/zozowonen.nl\/de\/wp-json\/wp\/v2\/types\/product"}],"version-history":[{"count":1,"href":"https:\/\/zozowonen.nl\/de\/wp-json\/wp\/v2\/product\/22173\/revisions"}],"predecessor-version":[{"id":25559,"href":"https:\/\/zozowonen.nl\/de\/wp-json\/wp\/v2\/product\/22173\/revisions\/25559"}],"wp:featuredmedia":[{"embeddable":true,"href":"https:\/\/zozowonen.nl\/de\/wp-json\/wp\/v2\/media\/22380"}],"wp:attachment":[{"href":"https:\/\/zozowonen.nl\/de\/wp-json\/wp\/v2\/media?parent=22173"}],"wp:term":[{"taxonomy":"product_brand","embeddable":true,"href":"https:\/\/zozowonen.nl\/de\/wp-json\/wp\/v2\/product_brand?post=22173"},{"taxonomy":"product_cat","embeddable":true,"href":"https:\/\/zozowonen.nl\/de\/wp-json\/wp\/v2\/product_cat?post=22173"},{"taxonomy":"product_tag","embeddable":true,"href":"https:\/\/zozowonen.nl\/de\/wp-json\/wp\/v2\/product_tag?post=22173"}],"curies":[{"name":"wp","href":"https:\/\/api.w.org\/{rel}","templated":true}]}}