{"id":22092,"date":"2024-06-23T07:13:47","date_gmt":"2024-06-23T07:13:47","guid":{"rendered":"https:\/?post_type=product&#038;p=22092"},"modified":"2026-03-16T11:38:14","modified_gmt":"2026-03-16T11:38:14","slug":"windlicht-glas-3","status":"publish","type":"product","link":"https:\/\/zozowonen.nl\/de\/produkt\/windlicht-glas-3\/","title":{"rendered":"Glaslaterne \u2013 Quadratisch \u2013 11 x 11 x 16 cm"},"content":{"rendered":"","protected":false},"excerpt":{"rendered":"<p>Schaffen Sie mit dieser eleganten, quadratischen Glaslaterne (10 \u00d7 10 cm) eine warme und gem\u00fctliche Atmosph\u00e4re in Ihrem Zuhause. Ob auf dem Tisch, der Fensterbank oder im Regal \u2013 diese Laterne l\u00e4sst Ihre Kerzen wundersch\u00f6n erstrahlen und verleiht jedem Raum ein intimes, stimmungsvolles Ambiente. Dank ihres schlichten, zeitlosen Designs f\u00fcgt sie sich m\u00fchelos in moderne wie auch klassische Einrichtungen ein.<\/p>","protected":false},"featured_media":28010,"template":"","meta":{"_joinchat":[]},"product_brand":[],"product_cat":[43],"product_tag":[863,1742,1743],"class_list":{"0":"post-22092","1":"product","2":"type-product","3":"status-publish","4":"has-post-thumbnail","6":"product_cat-landelijke-woonaccessoires","7":"product_tag-windlicht-glas","8":"product_tag-windlicht-glas-action","9":"product_tag-windlicht-glas-xenos","11":"first","12":"instock","13":"taxable","14":"shipping-taxable","15":"purchasable","16":"product-type-simple"},"_links":{"self":[{"href":"https:\/\/zozowonen.nl\/de\/wp-json\/wp\/v2\/product\/22092","targetHints":{"allow":["GET"]}}],"collection":[{"href":"https:\/\/zozowonen.nl\/de\/wp-json\/wp\/v2\/product"}],"about":[{"href":"https:\/\/zozowonen.nl\/de\/wp-json\/wp\/v2\/types\/product"}],"version-history":[{"count":4,"href":"https:\/\/zozowonen.nl\/de\/wp-json\/wp\/v2\/product\/22092\/revisions"}],"predecessor-version":[{"id":28019,"href":"https:\/\/zozowonen.nl\/de\/wp-json\/wp\/v2\/product\/22092\/revisions\/28019"}],"wp:featuredmedia":[{"embeddable":true,"href":"https:\/\/zozowonen.nl\/de\/wp-json\/wp\/v2\/media\/28010"}],"wp:attachment":[{"href":"https:\/\/zozowonen.nl\/de\/wp-json\/wp\/v2\/media?parent=22092"}],"wp:term":[{"taxonomy":"product_brand","embeddable":true,"href":"https:\/\/zozowonen.nl\/de\/wp-json\/wp\/v2\/product_brand?post=22092"},{"taxonomy":"product_cat","embeddable":true,"href":"https:\/\/zozowonen.nl\/de\/wp-json\/wp\/v2\/product_cat?post=22092"},{"taxonomy":"product_tag","embeddable":true,"href":"https:\/\/zozowonen.nl\/de\/wp-json\/wp\/v2\/product_tag?post=22092"}],"curies":[{"name":"wp","href":"https:\/\/api.w.org\/{rel}","templated":true}]}}