{"id":21101,"date":"2024-03-20T10:30:05","date_gmt":"2024-03-20T10:30:05","guid":{"rendered":"https:\/?post_type=product&#038;p=21101"},"modified":"2025-12-18T19:52:49","modified_gmt":"2025-12-18T19:52:49","slug":"led-kaarsen-op-batterijen-creme","status":"publish","type":"product","link":"https:\/\/zozowonen.nl\/de\/produkt\/led-kaarsen-op-batterijen-creme\/","title":{"rendered":"Batteriebetriebene LED-Kerzen \u2013 Creme \u2013 15 cm"},"content":{"rendered":"<div data-elementor-type=\"wp-post\" data-elementor-id=\"21101\" class=\"elementor elementor-21101\">\n\t\t\t\t\t\t<section class=\"wd-negative-gap elementor-section elementor-top-section elementor-element elementor-element-4de31b4 elementor-section-boxed elementor-section-height-default elementor-section-height-default\" data-id=\"4de31b4\" data-element_type=\"section\" data-e-type=\"section\">\n\t\t\t\t\t\t<div class=\"elementor-container elementor-column-gap-default\">\n\t\t\t\t\t<div class=\"elementor-column elementor-col-100 elementor-top-column elementor-element elementor-element-1f70354\" data-id=\"1f70354\" data-element_type=\"column\" data-e-type=\"column\">\n\t\t\t<div class=\"elementor-widget-wrap elementor-element-populated\">\n\t\t\t\t\t\t<div class=\"elementor-element elementor-element-a2ebdf3 elementor-widget elementor-widget-wd_text_block\" data-id=\"a2ebdf3\" data-element_type=\"widget\" data-e-type=\"widget\" data-widget_type=\"wd_text_block.default\">\n\t\t\t\t<div class=\"elementor-widget-container\">\n\t\t\t\t\t\t\t<div class=\"wd-text-block reset-last-child text-left\">\n\t\t\t\n\t\t\t<p><strong>Warum LED-Kerzen w\u00e4hlen?<\/strong><\/p><ol><li><p><strong>Sicherheit:<\/strong> Unsere LED-Kerzen sind flammenlos (100%), sodass Sie sich keine Sorgen um Brandgefahren machen m\u00fcssen, insbesondere in Haushalten mit viel Betrieb oder bei Veranstaltungen.<\/p><\/li><li><p><strong>Umweltfreundlich:<\/strong> Sie sind wiederverwendbar und verursachen keine Luftverschmutzung, im Gegensatz zu herk\u00f6mmlichen Kerzen, die Ru\u00df und Rauch produzieren.<\/p><\/li><li><p><strong>Langfristige Nachhaltigkeit:<\/strong> LED-Kerzen halten viel l\u00e4nger als herk\u00f6mmliche Kerzen, sodass man sie immer wieder verwenden kann, ohne st\u00e4ndig neue kaufen zu m\u00fcssen.<\/p><\/li><li><p><strong>Fernbedienung:<\/strong> Unsere LED-Kerzen werden mit praktischen Fernbedienungen geliefert, sodass Sie Helligkeit und Effekt anpassen k\u00f6nnen, ohne aufstehen zu m\u00fcssen.<\/p><\/li><\/ol><p><strong>F\u00fcr jeden Anlass<\/strong><\/p><p>Ob romantisches Abendessen, entspannter Abend im Wohnzimmer, Hochzeitsdekoration oder Party \u2013 unsere LED-Kerzen verleihen jedem Anlass einen Hauch von Eleganz und Atmosph\u00e4re.<\/p>\n\t\t\t\t\t<\/div>\n\t\t\t\t\t\t<\/div>\n\t\t\t\t<\/div>\n\t\t\t\t\t<\/div>\n\t\t<\/div>\n\t\t\t\t\t<\/div>\n\t\t<\/section>\n\t\t\t\t<\/div>","protected":false},"excerpt":{"rendered":"<p>Suchen Sie eine sichere, umweltfreundliche und stimmungsvolle Alternative zu herk\u00f6mmlichen Kerzen? Dann sind LED-Kerzen genau das Richtige f\u00fcr Sie! Bei ZOZOWonen finden Sie eine wundersch\u00f6ne Kollektion von Countryfield LED-Kerzen, die das warme Leuchten echter Kerzen perfekt imitieren \u2013 ganz ohne offene Flammen und tropfendes Wachs. Mit realistisch flackerndem Licht.<\/p>\n<ul>\n<li>Sie sind in Zweierpackungen verpackt.<\/li>\n<li>Lieferung ohne AA-Batterien.<\/li>\n<li>Inklusive Fernbedienung.<\/li>\n<li>H\u00f6he inklusive Flamme 15 cm.<\/li>\n<\/ul>","protected":false},"featured_media":23261,"template":"","meta":{"_joinchat":[]},"product_brand":[],"product_cat":[33],"product_tag":[183,118,117],"class_list":{"0":"post-21101","1":"product","2":"type-product","3":"status-publish","4":"has-post-thumbnail","6":"product_cat-ledkaarsen-waxinelichtjes","7":"product_tag-diner-led-kaarsen","8":"product_tag-kaarsen-op-batterij","9":"product_tag-led-kaarsen","11":"first","12":"instock","13":"taxable","14":"shipping-taxable","15":"purchasable","16":"product-type-simple"},"_links":{"self":[{"href":"https:\/\/zozowonen.nl\/de\/wp-json\/wp\/v2\/product\/21101","targetHints":{"allow":["GET"]}}],"collection":[{"href":"https:\/\/zozowonen.nl\/de\/wp-json\/wp\/v2\/product"}],"about":[{"href":"https:\/\/zozowonen.nl\/de\/wp-json\/wp\/v2\/types\/product"}],"version-history":[{"count":1,"href":"https:\/\/zozowonen.nl\/de\/wp-json\/wp\/v2\/product\/21101\/revisions"}],"predecessor-version":[{"id":26867,"href":"https:\/\/zozowonen.nl\/de\/wp-json\/wp\/v2\/product\/21101\/revisions\/26867"}],"wp:featuredmedia":[{"embeddable":true,"href":"https:\/\/zozowonen.nl\/de\/wp-json\/wp\/v2\/media\/23261"}],"wp:attachment":[{"href":"https:\/\/zozowonen.nl\/de\/wp-json\/wp\/v2\/media?parent=21101"}],"wp:term":[{"taxonomy":"product_brand","embeddable":true,"href":"https:\/\/zozowonen.nl\/de\/wp-json\/wp\/v2\/product_brand?post=21101"},{"taxonomy":"product_cat","embeddable":true,"href":"https:\/\/zozowonen.nl\/de\/wp-json\/wp\/v2\/product_cat?post=21101"},{"taxonomy":"product_tag","embeddable":true,"href":"https:\/\/zozowonen.nl\/de\/wp-json\/wp\/v2\/product_tag?post=21101"}],"curies":[{"name":"wp","href":"https:\/\/api.w.org\/{rel}","templated":true}]}}