{"id":21034,"date":"2024-03-17T08:51:34","date_gmt":"2024-03-17T08:51:34","guid":{"rendered":"https:\/?post_type=product&#038;p=21034"},"modified":"2025-11-13T07:37:19","modified_gmt":"2025-11-13T07:37:19","slug":"cadeau-voor-haar-zeephanger-geurzakje","status":"publish","type":"product","link":"https:\/\/zozowonen.nl\/de\/produkt\/cadeau-voor-haar-zeephanger-geurzakje\/","title":{"rendered":"Geschenk f\u00fcr Sie \u2013 Seifenhalter \u2013 Parf\u00fcmbeutel aus Leinen"},"content":{"rendered":"","protected":false},"excerpt":{"rendered":"<p>Ob Sie nun ein Geschenk f\u00fcr einen besonderen Menschen suchen oder sich einfach selbst etwas g\u00f6nnen m\u00f6chten, dieses Geschenkset ist immer ein Volltreffer!<br \/>\nDas Geschenkset besteht aus einem Seifenhalter aus Leinen und einem Dufts\u00e4ckchen aus Leinen von Mijn Stijl, verpackt in einer h\u00fcbschen Geschenkverpackung mit Leinenschleife.<\/p>\n<p>F\u00fcr gr\u00f6\u00dfere Bestellungen oder gesch\u00e4ftliche Anfragen kontaktieren Sie uns bitte.<\/p>","protected":false},"featured_media":21035,"template":"","meta":{"_joinchat":[]},"product_brand":[],"product_cat":[853],"product_tag":[966,969,970,967,968],"class_list":{"0":"post-21034","1":"product","2":"type-product","3":"status-publish","4":"has-post-thumbnail","6":"product_cat-cadeautips","7":"product_tag-cadeau-voor-haar","8":"product_tag-cadeau-vriendin","9":"product_tag-kerstcadeaus","10":"product_tag-moederdag-cadeau","11":"product_tag-valentijn-cadeau","13":"first","14":"outofstock","15":"taxable","16":"shipping-taxable","17":"purchasable","18":"product-type-simple"},"_links":{"self":[{"href":"https:\/\/zozowonen.nl\/de\/wp-json\/wp\/v2\/product\/21034","targetHints":{"allow":["GET"]}}],"collection":[{"href":"https:\/\/zozowonen.nl\/de\/wp-json\/wp\/v2\/product"}],"about":[{"href":"https:\/\/zozowonen.nl\/de\/wp-json\/wp\/v2\/types\/product"}],"version-history":[{"count":1,"href":"https:\/\/zozowonen.nl\/de\/wp-json\/wp\/v2\/product\/21034\/revisions"}],"predecessor-version":[{"id":25843,"href":"https:\/\/zozowonen.nl\/de\/wp-json\/wp\/v2\/product\/21034\/revisions\/25843"}],"wp:featuredmedia":[{"embeddable":true,"href":"https:\/\/zozowonen.nl\/de\/wp-json\/wp\/v2\/media\/21035"}],"wp:attachment":[{"href":"https:\/\/zozowonen.nl\/de\/wp-json\/wp\/v2\/media?parent=21034"}],"wp:term":[{"taxonomy":"product_brand","embeddable":true,"href":"https:\/\/zozowonen.nl\/de\/wp-json\/wp\/v2\/product_brand?post=21034"},{"taxonomy":"product_cat","embeddable":true,"href":"https:\/\/zozowonen.nl\/de\/wp-json\/wp\/v2\/product_cat?post=21034"},{"taxonomy":"product_tag","embeddable":true,"href":"https:\/\/zozowonen.nl\/de\/wp-json\/wp\/v2\/product_tag?post=21034"}],"curies":[{"name":"wp","href":"https:\/\/api.w.org\/{rel}","templated":true}]}}