{"id":20978,"date":"2024-03-11T08:59:38","date_gmt":"2024-03-11T08:59:38","guid":{"rendered":"https:\/?post_type=product&#038;p=20978"},"modified":"2025-11-03T09:25:15","modified_gmt":"2025-11-03T09:25:15","slug":"cadeau-voor-haar-amberblokjes","status":"publish","type":"product","link":"https:\/\/zozowonen.nl\/de\/produkt\/cadeau-voor-haar-amberblokjes\/","title":{"rendered":"Geschenk f\u00fcr Sie \u2013 Bernsteinw\u00fcrfel \u2013 Vanille"},"content":{"rendered":"","protected":false},"excerpt":{"rendered":"<p>Ein duftender <strong>Geschenk f\u00fcr sie<\/strong>Suchen Sie etwas Besonderes? Diese robuste Holzschaufel mit zwei herrlich duftenden <strong>Bernsteinw\u00fcrfel<\/strong> ist ein echter Stimmungsaufheller. Perfekt f\u00fcr ein <strong>Geburtstag<\/strong>, <strong>Muttertag<\/strong> oder einfach nur, um sie zu \u00fcberraschen.<\/p>\n<p>F\u00fcr gr\u00f6\u00dfere Bestellungen oder gesch\u00e4ftliche Anfragen kontaktieren Sie uns bitte.<\/p>","protected":false},"featured_media":25355,"template":"","meta":{"_joinchat":[]},"product_brand":[],"product_cat":[853],"product_tag":[966,969,967,968],"class_list":{"0":"post-20978","1":"product","2":"type-product","3":"status-publish","4":"has-post-thumbnail","6":"product_cat-cadeautips","7":"product_tag-cadeau-voor-haar","8":"product_tag-cadeau-vriendin","9":"product_tag-moederdag-cadeau","10":"product_tag-valentijn-cadeau","12":"first","13":"outofstock","14":"taxable","15":"shipping-taxable","16":"purchasable","17":"product-type-simple"},"_links":{"self":[{"href":"https:\/\/zozowonen.nl\/de\/wp-json\/wp\/v2\/product\/20978","targetHints":{"allow":["GET"]}}],"collection":[{"href":"https:\/\/zozowonen.nl\/de\/wp-json\/wp\/v2\/product"}],"about":[{"href":"https:\/\/zozowonen.nl\/de\/wp-json\/wp\/v2\/types\/product"}],"version-history":[{"count":3,"href":"https:\/\/zozowonen.nl\/de\/wp-json\/wp\/v2\/product\/20978\/revisions"}],"predecessor-version":[{"id":25839,"href":"https:\/\/zozowonen.nl\/de\/wp-json\/wp\/v2\/product\/20978\/revisions\/25839"}],"wp:featuredmedia":[{"embeddable":true,"href":"https:\/\/zozowonen.nl\/de\/wp-json\/wp\/v2\/media\/25355"}],"wp:attachment":[{"href":"https:\/\/zozowonen.nl\/de\/wp-json\/wp\/v2\/media?parent=20978"}],"wp:term":[{"taxonomy":"product_brand","embeddable":true,"href":"https:\/\/zozowonen.nl\/de\/wp-json\/wp\/v2\/product_brand?post=20978"},{"taxonomy":"product_cat","embeddable":true,"href":"https:\/\/zozowonen.nl\/de\/wp-json\/wp\/v2\/product_cat?post=20978"},{"taxonomy":"product_tag","embeddable":true,"href":"https:\/\/zozowonen.nl\/de\/wp-json\/wp\/v2\/product_tag?post=20978"}],"curies":[{"name":"wp","href":"https:\/\/api.w.org\/{rel}","templated":true}]}}