{"id":20970,"date":"2024-03-11T08:30:47","date_gmt":"2024-03-11T08:30:47","guid":{"rendered":"https:\/?post_type=product&#038;p=20970"},"modified":"2025-08-30T13:37:58","modified_gmt":"2025-08-30T13:37:58","slug":"cadeau-voor-haar-mijn-stijl-zeephanger-parfum-linnen","status":"publish","type":"product","link":"https:\/\/zozowonen.nl\/de\/produkt\/cadeau-voor-haar-mijn-stijl-zeephanger-parfum-linnen\/","title":{"rendered":"Geschenk f\u00fcr Sie \u2013 Seifenhalter im My Style-Stil, Parf\u00fcmhalter"},"content":{"rendered":"","protected":false},"excerpt":{"rendered":"<p>Ob Sie nun ein Geschenk f\u00fcr einen besonderen Menschen suchen oder sich einfach selbst etwas g\u00f6nnen m\u00f6chten, dieses Geschenkset ist immer ein Volltreffer!<br \/>\nDas Geschenkset besteht aus einem hellblauen Parf\u00fcm-Leinen-Seifenaufh\u00e4nger von Mijn Stijl, verpackt in einer sch\u00f6nen Geschenkverpackung.<\/p>\n<p>F\u00fcr gr\u00f6\u00dfere Bestellungen oder gesch\u00e4ftliche Anfragen kontaktieren Sie uns bitte.<\/p>","protected":false},"featured_media":20971,"template":"","meta":{"_joinchat":[]},"product_brand":[],"product_cat":[853],"product_tag":[966,969,970,967,968],"class_list":{"0":"post-20970","1":"product","2":"type-product","3":"status-publish","4":"has-post-thumbnail","6":"product_cat-cadeautips","7":"product_tag-cadeau-voor-haar","8":"product_tag-cadeau-vriendin","9":"product_tag-kerstcadeaus","10":"product_tag-moederdag-cadeau","11":"product_tag-valentijn-cadeau","13":"first","14":"instock","15":"taxable","16":"shipping-taxable","17":"purchasable","18":"product-type-simple"},"_links":{"self":[{"href":"https:\/\/zozowonen.nl\/de\/wp-json\/wp\/v2\/product\/20970","targetHints":{"allow":["GET"]}}],"collection":[{"href":"https:\/\/zozowonen.nl\/de\/wp-json\/wp\/v2\/product"}],"about":[{"href":"https:\/\/zozowonen.nl\/de\/wp-json\/wp\/v2\/types\/product"}],"version-history":[{"count":2,"href":"https:\/\/zozowonen.nl\/de\/wp-json\/wp\/v2\/product\/20970\/revisions"}],"predecessor-version":[{"id":25841,"href":"https:\/\/zozowonen.nl\/de\/wp-json\/wp\/v2\/product\/20970\/revisions\/25841"}],"wp:featuredmedia":[{"embeddable":true,"href":"https:\/\/zozowonen.nl\/de\/wp-json\/wp\/v2\/media\/20971"}],"wp:attachment":[{"href":"https:\/\/zozowonen.nl\/de\/wp-json\/wp\/v2\/media?parent=20970"}],"wp:term":[{"taxonomy":"product_brand","embeddable":true,"href":"https:\/\/zozowonen.nl\/de\/wp-json\/wp\/v2\/product_brand?post=20970"},{"taxonomy":"product_cat","embeddable":true,"href":"https:\/\/zozowonen.nl\/de\/wp-json\/wp\/v2\/product_cat?post=20970"},{"taxonomy":"product_tag","embeddable":true,"href":"https:\/\/zozowonen.nl\/de\/wp-json\/wp\/v2\/product_tag?post=20970"}],"curies":[{"name":"wp","href":"https:\/\/api.w.org\/{rel}","templated":true}]}}