{"id":20728,"date":"2024-02-24T09:17:04","date_gmt":"2024-02-24T09:17:04","guid":{"rendered":"https:\/?post_type=product&#038;p=20728"},"modified":"2026-04-20T11:56:12","modified_gmt":"2026-04-20T11:56:12","slug":"vensterbank-tafeltje-black-wash","status":"publish","type":"product","link":"https:\/\/zozowonen.nl\/de\/produkt\/vensterbank-tafeltje-black-wash\/","title":{"rendered":"Fensterbanktisch \u2013 Schwarz gewaschen \u2013 58 cm"},"content":{"rendered":"","protected":false},"excerpt":{"rendered":"<p>Wundersch\u00f6ner schwarzer Holztisch f\u00fcr die Fensterbank, ideal zur Dekoration eines Fensterbretts. Handgefertigt aus hochwertigem Holz, besticht dieser Beistelltisch durch seinen besonderen Charakter. Dank seiner kompakten Gr\u00f6\u00dfe l\u00e4sst er sich leicht verstauen. <strong>Fensterbanktisch<\/strong> Perfekt f\u00fcr Fensterb\u00e4nke, um im Handumdrehen eine gem\u00fctliche Landhausatmosph\u00e4re zu schaffen. Erg\u00e4nzen Sie das Ganze mit Blumen, Kerzen oder anderen Dekoartikeln.<\/p>\n<p>Es <strong>Fensterbanktisch<\/strong> Es wurde mit zwei Schichten unterschiedlicher Kreidefarben versehen, wodurch ein authentischer, gealterter Look entsteht. Helle Stellen und geschliffene Bereiche sind in der schwarzen Kreidefarbe bewusst sichtbar, was den charakteristischen Vintage-Effekt erzeugt.<\/p>","protected":false},"featured_media":32317,"template":"","meta":{"_joinchat":[]},"product_brand":[],"product_cat":[43],"product_tag":[852,849,850],"class_list":{"0":"post-20728","1":"product","2":"type-product","3":"status-publish","4":"has-post-thumbnail","6":"product_cat-landelijke-woonaccessoires","7":"product_tag-houten-bajot","8":"product_tag-vensterbank-tafel-hout","9":"product_tag-vensterbank-tafeltje","11":"first","12":"instock","13":"taxable","14":"shipping-taxable","15":"purchasable","16":"product-type-simple"},"_links":{"self":[{"href":"https:\/\/zozowonen.nl\/de\/wp-json\/wp\/v2\/product\/20728","targetHints":{"allow":["GET"]}}],"collection":[{"href":"https:\/\/zozowonen.nl\/de\/wp-json\/wp\/v2\/product"}],"about":[{"href":"https:\/\/zozowonen.nl\/de\/wp-json\/wp\/v2\/types\/product"}],"version-history":[{"count":2,"href":"https:\/\/zozowonen.nl\/de\/wp-json\/wp\/v2\/product\/20728\/revisions"}],"predecessor-version":[{"id":32319,"href":"https:\/\/zozowonen.nl\/de\/wp-json\/wp\/v2\/product\/20728\/revisions\/32319"}],"wp:featuredmedia":[{"embeddable":true,"href":"https:\/\/zozowonen.nl\/de\/wp-json\/wp\/v2\/media\/32317"}],"wp:attachment":[{"href":"https:\/\/zozowonen.nl\/de\/wp-json\/wp\/v2\/media?parent=20728"}],"wp:term":[{"taxonomy":"product_brand","embeddable":true,"href":"https:\/\/zozowonen.nl\/de\/wp-json\/wp\/v2\/product_brand?post=20728"},{"taxonomy":"product_cat","embeddable":true,"href":"https:\/\/zozowonen.nl\/de\/wp-json\/wp\/v2\/product_cat?post=20728"},{"taxonomy":"product_tag","embeddable":true,"href":"https:\/\/zozowonen.nl\/de\/wp-json\/wp\/v2\/product_tag?post=20728"}],"curies":[{"name":"wp","href":"https:\/\/api.w.org\/{rel}","templated":true}]}}