{"id":20668,"date":"2024-02-21T14:57:56","date_gmt":"2024-02-21T14:57:56","guid":{"rendered":"https:\/?post_type=product&#038;p=20668"},"modified":"2026-03-31T12:33:12","modified_gmt":"2026-03-31T12:33:12","slug":"raamshutters-hout","status":"publish","type":"product","link":"https:\/\/zozowonen.nl\/de\/produkt\/raamshutters-hout\/","title":{"rendered":"Fensterladen \u2013 3-teilig \u2013 50 cm \u2013 Schwarz"},"content":{"rendered":"","protected":false},"excerpt":{"rendered":"<p>Wundersch\u00f6ne Dekoration <strong>Fensterladen<\/strong> bestehend aus 3 Paneelen. Diese <strong>Fensterladen<\/strong> Es ist handgefertigt und eignet sich perfekt als Dekoration f\u00fcr Fensterbank, Sideboard oder Beistelltisch. Eine wundersch\u00f6ne Erg\u00e4nzung f\u00fcr Ihre Einrichtung, die Ihrem Wohnzimmer sofort eine besondere Atmosph\u00e4re verleiht.<\/p>\n<p class=\"p1\">Der Fensterladen ist mit zwei Anstrichen unterschiedlicher Kreidefarben versehen, wodurch ein authentischer, gealterter Look entsteht. Helle Stellen und geschliffene Bereiche sind in der schwarzen Kreidefarbe bewusst sichtbar, was den charakteristischen Vintage-Effekt erzeugt.<\/p>","protected":false},"featured_media":28882,"template":"","meta":{"_joinchat":[]},"product_brand":[],"product_cat":[1307,931],"product_tag":[1740,973,974,975],"class_list":{"0":"post-20668","1":"product","2":"type-product","3":"status-publish","4":"has-post-thumbnail","6":"product_cat-raamshutters","7":"product_cat-sale","8":"product_tag-raamshutters","9":"product_tag-shutters","10":"product_tag-shutters-ramen","11":"product_tag-shutters-voor-het-raam","13":"first","14":"instock","15":"sale","16":"taxable","17":"shipping-taxable","18":"purchasable","19":"product-type-simple"},"_links":{"self":[{"href":"https:\/\/zozowonen.nl\/de\/wp-json\/wp\/v2\/product\/20668","targetHints":{"allow":["GET"]}}],"collection":[{"href":"https:\/\/zozowonen.nl\/de\/wp-json\/wp\/v2\/product"}],"about":[{"href":"https:\/\/zozowonen.nl\/de\/wp-json\/wp\/v2\/types\/product"}],"version-history":[{"count":6,"href":"https:\/\/zozowonen.nl\/de\/wp-json\/wp\/v2\/product\/20668\/revisions"}],"predecessor-version":[{"id":26479,"href":"https:\/\/zozowonen.nl\/de\/wp-json\/wp\/v2\/product\/20668\/revisions\/26479"}],"wp:featuredmedia":[{"embeddable":true,"href":"https:\/\/zozowonen.nl\/de\/wp-json\/wp\/v2\/media\/28882"}],"wp:attachment":[{"href":"https:\/\/zozowonen.nl\/de\/wp-json\/wp\/v2\/media?parent=20668"}],"wp:term":[{"taxonomy":"product_brand","embeddable":true,"href":"https:\/\/zozowonen.nl\/de\/wp-json\/wp\/v2\/product_brand?post=20668"},{"taxonomy":"product_cat","embeddable":true,"href":"https:\/\/zozowonen.nl\/de\/wp-json\/wp\/v2\/product_cat?post=20668"},{"taxonomy":"product_tag","embeddable":true,"href":"https:\/\/zozowonen.nl\/de\/wp-json\/wp\/v2\/product_tag?post=20668"}],"curies":[{"name":"wp","href":"https:\/\/api.w.org\/{rel}","templated":true}]}}