{"id":20644,"date":"2024-02-20T09:26:22","date_gmt":"2024-02-20T09:26:22","guid":{"rendered":"https:\/?post_type=product&#038;p=20644"},"modified":"2026-03-20T15:41:09","modified_gmt":"2026-03-20T15:41:09","slug":"houten-onderzetters-in-houder-6-stuks","status":"publish","type":"product","link":"https:\/\/zozowonen.nl\/de\/produkt\/houten-onderzetters-in-houder-6-stuks\/","title":{"rendered":"Untersetzer aus Holz im Halter \u2013 6 St\u00fcck \u2013 Hellgrau"},"content":{"rendered":"","protected":false},"excerpt":{"rendered":"<p>Unsere rustikalen Holzuntersetzer vereinen nat\u00fcrliche Sch\u00f6nheit mit praktischem Design. Die sorgf\u00e4ltig gefertigten Untersetzer sind die perfekte Erg\u00e4nzung f\u00fcr jedes Interieur im Landhausstil. Jeder Untersetzer besticht durch ein einzigartiges Motiv.<\/p>\n<p>Abmessungen: 12 x 12 cm.<\/p>","protected":false},"featured_media":20645,"template":"","meta":{"_joinchat":[]},"product_brand":[],"product_cat":[71],"product_tag":[764],"class_list":{"0":"post-20644","1":"product","2":"type-product","3":"status-publish","4":"has-post-thumbnail","6":"product_cat-onderzetters","7":"product_tag-houten-onderzetters","9":"first","10":"outofstock","11":"taxable","12":"shipping-taxable","13":"purchasable","14":"product-type-simple"},"_links":{"self":[{"href":"https:\/\/zozowonen.nl\/de\/wp-json\/wp\/v2\/product\/20644","targetHints":{"allow":["GET"]}}],"collection":[{"href":"https:\/\/zozowonen.nl\/de\/wp-json\/wp\/v2\/product"}],"about":[{"href":"https:\/\/zozowonen.nl\/de\/wp-json\/wp\/v2\/types\/product"}],"version-history":[{"count":1,"href":"https:\/\/zozowonen.nl\/de\/wp-json\/wp\/v2\/product\/20644\/revisions"}],"predecessor-version":[{"id":27076,"href":"https:\/\/zozowonen.nl\/de\/wp-json\/wp\/v2\/product\/20644\/revisions\/27076"}],"wp:featuredmedia":[{"embeddable":true,"href":"https:\/\/zozowonen.nl\/de\/wp-json\/wp\/v2\/media\/20645"}],"wp:attachment":[{"href":"https:\/\/zozowonen.nl\/de\/wp-json\/wp\/v2\/media?parent=20644"}],"wp:term":[{"taxonomy":"product_brand","embeddable":true,"href":"https:\/\/zozowonen.nl\/de\/wp-json\/wp\/v2\/product_brand?post=20644"},{"taxonomy":"product_cat","embeddable":true,"href":"https:\/\/zozowonen.nl\/de\/wp-json\/wp\/v2\/product_cat?post=20644"},{"taxonomy":"product_tag","embeddable":true,"href":"https:\/\/zozowonen.nl\/de\/wp-json\/wp\/v2\/product_tag?post=20644"}],"curies":[{"name":"wp","href":"https:\/\/api.w.org\/{rel}","templated":true}]}}