{"id":20637,"date":"2024-02-20T08:58:41","date_gmt":"2024-02-20T08:58:41","guid":{"rendered":"https:\/?post_type=product&#038;p=20637"},"modified":"2026-01-24T14:32:40","modified_gmt":"2026-01-24T14:32:40","slug":"houten-onderzetters-in-houder","status":"publish","type":"product","link":"https:\/\/zozowonen.nl\/de\/produkt\/houten-onderzetters-in-houder\/","title":{"rendered":"Untersetzer aus Holz im Halter \u2013 4 St\u00fcck \u2013 Grau"},"content":{"rendered":"","protected":false},"excerpt":{"rendered":"<p>Unsere rustikalen Holzuntersetzer vereinen nat\u00fcrliche Sch\u00f6nheit mit praktischem Design. Die sorgf\u00e4ltig gefertigten Untersetzer sind die perfekte Erg\u00e4nzung f\u00fcr jedes Interieur im Landhausstil. Jeder Untersetzer besticht durch ein einzigartiges Motiv.<\/p>\n<p>Abmessungen: 12 x 12 cm.<\/p>","protected":false},"featured_media":20639,"template":"","meta":{"_joinchat":[]},"product_brand":[],"product_cat":[71],"product_tag":[764],"class_list":{"0":"post-20637","1":"product","2":"type-product","3":"status-publish","4":"has-post-thumbnail","6":"product_cat-onderzetters","7":"product_tag-houten-onderzetters","9":"first","10":"instock","11":"taxable","12":"shipping-taxable","13":"purchasable","14":"product-type-simple"},"_links":{"self":[{"href":"https:\/\/zozowonen.nl\/de\/wp-json\/wp\/v2\/product\/20637","targetHints":{"allow":["GET"]}}],"collection":[{"href":"https:\/\/zozowonen.nl\/de\/wp-json\/wp\/v2\/product"}],"about":[{"href":"https:\/\/zozowonen.nl\/de\/wp-json\/wp\/v2\/types\/product"}],"version-history":[{"count":0,"href":"https:\/\/zozowonen.nl\/de\/wp-json\/wp\/v2\/product\/20637\/revisions"}],"wp:featuredmedia":[{"embeddable":true,"href":"https:\/\/zozowonen.nl\/de\/wp-json\/wp\/v2\/media\/20639"}],"wp:attachment":[{"href":"https:\/\/zozowonen.nl\/de\/wp-json\/wp\/v2\/media?parent=20637"}],"wp:term":[{"taxonomy":"product_brand","embeddable":true,"href":"https:\/\/zozowonen.nl\/de\/wp-json\/wp\/v2\/product_brand?post=20637"},{"taxonomy":"product_cat","embeddable":true,"href":"https:\/\/zozowonen.nl\/de\/wp-json\/wp\/v2\/product_cat?post=20637"},{"taxonomy":"product_tag","embeddable":true,"href":"https:\/\/zozowonen.nl\/de\/wp-json\/wp\/v2\/product_tag?post=20637"}],"curies":[{"name":"wp","href":"https:\/\/api.w.org\/{rel}","templated":true}]}}