{"id":20595,"date":"2024-02-18T08:33:54","date_gmt":"2024-02-18T08:33:54","guid":{"rendered":"https:\/?post_type=product&#038;p=20595"},"modified":"2025-03-04T09:28:06","modified_gmt":"2025-03-04T09:28:06","slug":"cadeau-voor-haar-houten-schepje-geurroosjes","status":"publish","type":"product","link":"https:\/\/zozowonen.nl\/de\/produkt\/cadeau-voor-haar-houten-schepje-geurroosjes\/","title":{"rendered":"Geschenk f\u00fcr Sie \u2013 Holzschaufel mit duftenden Rosen"},"content":{"rendered":"","protected":false},"excerpt":{"rendered":"<p>Ob Sie nun ein Geschenk f\u00fcr einen besonderen Menschen suchen oder sich einfach selbst etwas g\u00f6nnen m\u00f6chten, dieses Geschenkset ist immer ein Volltreffer!<br \/>\nDas Geschenkset besteht aus einer kleinen Schaufel aus Teakholz und 2 duftenden Rosen, verpackt in einer sch\u00f6nen Geschenkverpackung.<\/p>","protected":false},"featured_media":24302,"template":"","meta":{"_joinchat":[]},"product_brand":[],"product_cat":[853],"product_tag":[966,969,970,967,968],"class_list":{"0":"post-20595","1":"product","2":"type-product","3":"status-publish","4":"has-post-thumbnail","6":"product_cat-cadeautips","7":"product_tag-cadeau-voor-haar","8":"product_tag-cadeau-vriendin","9":"product_tag-kerstcadeaus","10":"product_tag-moederdag-cadeau","11":"product_tag-valentijn-cadeau","13":"first","14":"instock","15":"taxable","16":"shipping-taxable","17":"purchasable","18":"product-type-simple"},"_links":{"self":[{"href":"https:\/\/zozowonen.nl\/de\/wp-json\/wp\/v2\/product\/20595","targetHints":{"allow":["GET"]}}],"collection":[{"href":"https:\/\/zozowonen.nl\/de\/wp-json\/wp\/v2\/product"}],"about":[{"href":"https:\/\/zozowonen.nl\/de\/wp-json\/wp\/v2\/types\/product"}],"version-history":[{"count":3,"href":"https:\/\/zozowonen.nl\/de\/wp-json\/wp\/v2\/product\/20595\/revisions"}],"predecessor-version":[{"id":25849,"href":"https:\/\/zozowonen.nl\/de\/wp-json\/wp\/v2\/product\/20595\/revisions\/25849"}],"wp:featuredmedia":[{"embeddable":true,"href":"https:\/\/zozowonen.nl\/de\/wp-json\/wp\/v2\/media\/24302"}],"wp:attachment":[{"href":"https:\/\/zozowonen.nl\/de\/wp-json\/wp\/v2\/media?parent=20595"}],"wp:term":[{"taxonomy":"product_brand","embeddable":true,"href":"https:\/\/zozowonen.nl\/de\/wp-json\/wp\/v2\/product_brand?post=20595"},{"taxonomy":"product_cat","embeddable":true,"href":"https:\/\/zozowonen.nl\/de\/wp-json\/wp\/v2\/product_cat?post=20595"},{"taxonomy":"product_tag","embeddable":true,"href":"https:\/\/zozowonen.nl\/de\/wp-json\/wp\/v2\/product_tag?post=20595"}],"curies":[{"name":"wp","href":"https:\/\/api.w.org\/{rel}","templated":true}]}}