{"id":20573,"date":"2024-02-16T08:30:05","date_gmt":"2024-02-16T08:30:05","guid":{"rendered":"https:\/?post_type=product&#038;p=20573"},"modified":"2026-04-24T11:51:11","modified_gmt":"2026-04-24T11:51:11","slug":"houten-keukenrolhouder","status":"publish","type":"product","link":"https:\/\/zozowonen.nl\/de\/produkt\/houten-keukenrolhouder\/","title":{"rendered":"K\u00fcchenrollenhalter aus Holz \u2013 1 Schublade"},"content":{"rendered":"","protected":false},"excerpt":{"rendered":"<p>Vervollst\u00e4ndigen Sie Ihre Landhausk\u00fcche mit diesem Papierhandtuchhalter aus Holz. Praktisch und stilvoll zugleich, sorgt er daf\u00fcr, dass Ihre Papierhandt\u00fccher stets griffbereit sind und schafft eine warme, gem\u00fctliche Landhausatmosph\u00e4re. Dieser handliche Papierhandtuchhalter bietet nicht nur einen praktischen Platz f\u00fcr Ihre Papierhandt\u00fccher, sondern dank der integrierten Schublade auch zus\u00e4tzlichen Stauraum.<\/p>\n<p>Bitte beachten Sie: Es kann zu leichten Abweichungen in Farbe und Textur der einzelnen Artikel kommen.<\/p>","protected":false},"featured_media":24172,"template":"","meta":{"_joinchat":[]},"product_brand":[],"product_cat":[905,43],"product_tag":[961,960,959],"class_list":{"0":"post-20573","1":"product","2":"type-product","3":"status-publish","4":"has-post-thumbnail","6":"product_cat-gruttersbakken","7":"product_cat-landelijke-woonaccessoires","8":"product_tag-keukenrolhouder","9":"product_tag-keukenrolhouder-landelijk","10":"product_tag-landelijke-keukenrolhouder","12":"first","13":"instock","14":"taxable","15":"shipping-taxable","16":"purchasable","17":"product-type-simple"},"_links":{"self":[{"href":"https:\/\/zozowonen.nl\/de\/wp-json\/wp\/v2\/product\/20573","targetHints":{"allow":["GET"]}}],"collection":[{"href":"https:\/\/zozowonen.nl\/de\/wp-json\/wp\/v2\/product"}],"about":[{"href":"https:\/\/zozowonen.nl\/de\/wp-json\/wp\/v2\/types\/product"}],"version-history":[{"count":2,"href":"https:\/\/zozowonen.nl\/de\/wp-json\/wp\/v2\/product\/20573\/revisions"}],"predecessor-version":[{"id":26122,"href":"https:\/\/zozowonen.nl\/de\/wp-json\/wp\/v2\/product\/20573\/revisions\/26122"}],"wp:featuredmedia":[{"embeddable":true,"href":"https:\/\/zozowonen.nl\/de\/wp-json\/wp\/v2\/media\/24172"}],"wp:attachment":[{"href":"https:\/\/zozowonen.nl\/de\/wp-json\/wp\/v2\/media?parent=20573"}],"wp:term":[{"taxonomy":"product_brand","embeddable":true,"href":"https:\/\/zozowonen.nl\/de\/wp-json\/wp\/v2\/product_brand?post=20573"},{"taxonomy":"product_cat","embeddable":true,"href":"https:\/\/zozowonen.nl\/de\/wp-json\/wp\/v2\/product_cat?post=20573"},{"taxonomy":"product_tag","embeddable":true,"href":"https:\/\/zozowonen.nl\/de\/wp-json\/wp\/v2\/product_tag?post=20573"}],"curies":[{"name":"wp","href":"https:\/\/api.w.org\/{rel}","templated":true}]}}