{"id":20429,"date":"2024-02-03T14:31:29","date_gmt":"2024-02-03T14:31:29","guid":{"rendered":"https:\/?post_type=product&#038;p=20429"},"modified":"2026-04-24T11:50:10","modified_gmt":"2026-04-24T11:50:10","slug":"opbergkastje-met-lade","status":"publish","type":"product","link":"https:\/\/zozowonen.nl\/de\/produkt\/opbergkastje-met-lade\/","title":{"rendered":"Aufbewahrungsschrank mit Schublade \u2013 Teakholz"},"content":{"rendered":"","protected":false},"excerpt":{"rendered":"<h3 data-start=\"218\" data-end=\"273\">Aufbewahrungsschrank aus Holz mit Schublade und offenen F\u00e4chern<\/h3>\n<p data-start=\"275\" data-end=\"572\"><span data-start=\"279\" data-end=\"320\">H<\/span><strong data-start=\"279\" data-end=\"320\">Aufbewahrungsschrank aus Teakholz mit Schublade<\/strong>. Der kompakte <strong data-start=\"398\" data-end=\"415\">Holzschrank<\/strong> Es verf\u00fcgt \u00fcber zwei offene F\u00e4cher und eine praktische Schublade, sodass Sie kleine Gegenst\u00e4nde einfach verstauen und gleichzeitig einen sch\u00f6nen Platz f\u00fcr Dekorationen haben k\u00f6nnen.<\/p>\n<p data-start=\"574\" data-end=\"824\">Dank des warmen Aussehens passt es <strong data-start=\"623\" data-end=\"645\">dekorativer Schrank<\/strong> Passt perfekt in ein rustikales, industrielles oder Tr\u00f6del-Interieur. Stellen Sie den Schrank auf einen <strong data-start=\"729\" data-end=\"768\">Sideboard, Tisch, Schreibtisch oder K\u00fcchentheke<\/strong> und verwenden Sie es, um kleine Gegenst\u00e4nde zu organisieren.<\/p>\n<p data-start=\"826\" data-end=\"999\">Die offenen F\u00e4cher eignen sich ideal f\u00fcr beispielsweise <strong data-start=\"871\" data-end=\"922\">Gl\u00e4ser, Kerzen, kleine Pflanzen oder Accessoires<\/strong>, Die Schublade hingegen ist praktisch f\u00fcr Gegenst\u00e4nde, die man lieber au\u00dfer Sichtweite aufbewahren m\u00f6chte.<\/p>","protected":false},"featured_media":29595,"template":"","meta":{"_joinchat":[]},"product_brand":[],"product_cat":[43,905],"product_tag":[918,971],"class_list":{"0":"post-20429","1":"product","2":"type-product","3":"status-publish","4":"has-post-thumbnail","6":"product_cat-landelijke-woonaccessoires","7":"product_cat-gruttersbakken","8":"product_tag-grutterskast","9":"product_tag-grutterskastje","11":"first","12":"instock","13":"taxable","14":"shipping-taxable","15":"purchasable","16":"product-type-simple"},"_links":{"self":[{"href":"https:\/\/zozowonen.nl\/de\/wp-json\/wp\/v2\/product\/20429","targetHints":{"allow":["GET"]}}],"collection":[{"href":"https:\/\/zozowonen.nl\/de\/wp-json\/wp\/v2\/product"}],"about":[{"href":"https:\/\/zozowonen.nl\/de\/wp-json\/wp\/v2\/types\/product"}],"version-history":[{"count":4,"href":"https:\/\/zozowonen.nl\/de\/wp-json\/wp\/v2\/product\/20429\/revisions"}],"predecessor-version":[{"id":29600,"href":"https:\/\/zozowonen.nl\/de\/wp-json\/wp\/v2\/product\/20429\/revisions\/29600"}],"wp:featuredmedia":[{"embeddable":true,"href":"https:\/\/zozowonen.nl\/de\/wp-json\/wp\/v2\/media\/29595"}],"wp:attachment":[{"href":"https:\/\/zozowonen.nl\/de\/wp-json\/wp\/v2\/media?parent=20429"}],"wp:term":[{"taxonomy":"product_brand","embeddable":true,"href":"https:\/\/zozowonen.nl\/de\/wp-json\/wp\/v2\/product_brand?post=20429"},{"taxonomy":"product_cat","embeddable":true,"href":"https:\/\/zozowonen.nl\/de\/wp-json\/wp\/v2\/product_cat?post=20429"},{"taxonomy":"product_tag","embeddable":true,"href":"https:\/\/zozowonen.nl\/de\/wp-json\/wp\/v2\/product_tag?post=20429"}],"curies":[{"name":"wp","href":"https:\/\/api.w.org\/{rel}","templated":true}]}}