{"id":20398,"date":"2024-02-01T10:11:45","date_gmt":"2024-02-01T10:11:45","guid":{"rendered":"https:\/?post_type=product&#038;p=20398"},"modified":"2026-04-19T13:46:27","modified_gmt":"2026-04-19T13:46:27","slug":"zeephanger-licht-blauw-parfum-linnen","status":"publish","type":"product","link":"https:\/\/zozowonen.nl\/de\/produkt\/zeephanger-licht-blauw-parfum-linnen\/","title":{"rendered":"Seifenhalter \u201eMy Style\u201c in Hellblau, Parf\u00fcm-Leinen"},"content":{"rendered":"<div data-elementor-type=\"wp-post\" data-elementor-id=\"20398\" class=\"elementor elementor-20398\">\n\t\t\t\t\t\t<section class=\"wd-negative-gap elementor-section elementor-top-section elementor-element elementor-element-2fc67f4 elementor-section-boxed elementor-section-height-default elementor-section-height-default\" data-id=\"2fc67f4\" data-element_type=\"section\" data-e-type=\"section\">\n\t\t\t\t\t\t<div class=\"elementor-container elementor-column-gap-default\">\n\t\t\t\t\t<div class=\"elementor-column elementor-col-100 elementor-top-column elementor-element elementor-element-67204b3\" data-id=\"67204b3\" data-element_type=\"column\" data-e-type=\"column\">\n\t\t\t<div class=\"elementor-widget-wrap elementor-element-populated\">\n\t\t\t\t\t\t<div class=\"elementor-element elementor-element-e272357 elementor-widget elementor-widget-wd_text_block\" data-id=\"e272357\" data-element_type=\"widget\" data-e-type=\"widget\" data-widget_type=\"wd_text_block.default\">\n\t\t\t\t<div class=\"elementor-widget-container\">\n\t\t\t\t\t\t\t<div class=\"wd-text-block reset-last-child text-left\">\n\t\t\t\n\t\t\t<p>\u00dcber meinen Stil<\/p><p class=\"p1\">MIJN STIJL bietet eine Kollektion, die von Duftkerzen \u00fcber Seifen und Textilien bis hin zu Glaswaren reicht. Die Kollektion umfasst viele verschiedene Artikel, allesamt authentische Alltagsgegenst\u00e4nde mit einem schlichten, reinen und erschwinglichen Design.\u00a0<\/p><p class=\"p1\">MIJN STIJL arbeitet mit kleineren Herstellern zusammen und versucht, die Endmontage nach M\u00f6glichkeit von Mitarbeitern durchf\u00fchren zu lassen, die mit Besch\u00e4ftigungshemmnissen konfrontiert sind. Dies ist leider noch nicht f\u00fcr alle Produkte m\u00f6glich, aber das Unternehmen ist stets um ein verantwortungsvolles Handeln bem\u00fcht.<\/p>\n\t\t\t\t\t<\/div>\n\t\t\t\t\t\t<\/div>\n\t\t\t\t<\/div>\n\t\t\t\t\t<\/div>\n\t\t<\/div>\n\t\t\t\t\t<\/div>\n\t\t<\/section>\n\t\t\t\t<\/div>","protected":false},"excerpt":{"rendered":"<p>Eine kleine, aber wirkungsvolle Erg\u00e4nzung f\u00fcr Ihr Zuhause \u2013 f\u00fcr eine wunderbar erfrischende Atmosph\u00e4re. Genie\u00dfen Sie den schlichten Luxus unseres duftenden Seifenhalters aus Leinen. Die Seife von Mijn Stijl ist pflanzlich. Die D\u00fcfte sind vielf\u00e4ltig und frisch.<\/p>","protected":false},"featured_media":20399,"template":"","meta":{"_joinchat":[]},"product_brand":[],"product_cat":[927],"product_tag":[953],"class_list":{"0":"post-20398","1":"product","2":"type-product","3":"status-publish","4":"has-post-thumbnail","6":"product_cat-mijn-stijl","7":"product_tag-zeephanger","9":"first","10":"instock","11":"taxable","12":"shipping-taxable","13":"purchasable","14":"product-type-simple"},"_links":{"self":[{"href":"https:\/\/zozowonen.nl\/de\/wp-json\/wp\/v2\/product\/20398","targetHints":{"allow":["GET"]}}],"collection":[{"href":"https:\/\/zozowonen.nl\/de\/wp-json\/wp\/v2\/product"}],"about":[{"href":"https:\/\/zozowonen.nl\/de\/wp-json\/wp\/v2\/types\/product"}],"version-history":[{"count":3,"href":"https:\/\/zozowonen.nl\/de\/wp-json\/wp\/v2\/product\/20398\/revisions"}],"predecessor-version":[{"id":29337,"href":"https:\/\/zozowonen.nl\/de\/wp-json\/wp\/v2\/product\/20398\/revisions\/29337"}],"wp:featuredmedia":[{"embeddable":true,"href":"https:\/\/zozowonen.nl\/de\/wp-json\/wp\/v2\/media\/20399"}],"wp:attachment":[{"href":"https:\/\/zozowonen.nl\/de\/wp-json\/wp\/v2\/media?parent=20398"}],"wp:term":[{"taxonomy":"product_brand","embeddable":true,"href":"https:\/\/zozowonen.nl\/de\/wp-json\/wp\/v2\/product_brand?post=20398"},{"taxonomy":"product_cat","embeddable":true,"href":"https:\/\/zozowonen.nl\/de\/wp-json\/wp\/v2\/product_cat?post=20398"},{"taxonomy":"product_tag","embeddable":true,"href":"https:\/\/zozowonen.nl\/de\/wp-json\/wp\/v2\/product_tag?post=20398"}],"curies":[{"name":"wp","href":"https:\/\/api.w.org\/{rel}","templated":true}]}}