{"id":20037,"date":"2024-01-21T09:16:23","date_gmt":"2024-01-21T09:16:23","guid":{"rendered":"https:\/?post_type=product&#038;p=20037"},"modified":"2026-03-22T18:17:03","modified_gmt":"2026-03-22T18:17:03","slug":"bloempot-steen-grijs","status":"publish","type":"product","link":"https:\/\/zozowonen.nl\/de\/produkt\/bloempot-steen-grijs\/","title":{"rendered":"Blumentopf \u2013 Hilmar \u2013 Stein \u2013 S \u2013 Grau"},"content":{"rendered":"","protected":false},"excerpt":{"rendered":"<p>Wundersch\u00f6ner grauer Louvre-Blumentopf aus Stein, geeignet f\u00fcr den Innen- und Au\u00dfenbereich. Die sanften Kurven und die Textur des Designs machen diesen Steinblumentopf passend f\u00fcr viele Einrichtungsstile.<\/p>\n<ul>\n<li>Oberer Durchmesser: 19 cm.<\/li>\n<li>H\u00f6he: 24 cm.<\/li>\n<li>Grundfl\u00e4che: 10 x 10 cm.<\/li>\n<\/ul>","protected":false},"featured_media":26467,"template":"","meta":{"_joinchat":[]},"product_brand":[],"product_cat":[1285],"product_tag":[920,1280,1282,921],"class_list":{"0":"post-20037","1":"product","2":"type-product","3":"status-publish","4":"has-post-thumbnail","6":"product_cat-tuin-decoratie","7":"product_tag-bloempot-binnen","8":"product_tag-bloempot-buiten","9":"product_tag-bloempot-steen-buiten","10":"product_tag-bloempot-voor-binnen","12":"first","13":"instock","14":"taxable","15":"shipping-taxable","16":"purchasable","17":"product-type-simple"},"_links":{"self":[{"href":"https:\/\/zozowonen.nl\/de\/wp-json\/wp\/v2\/product\/20037","targetHints":{"allow":["GET"]}}],"collection":[{"href":"https:\/\/zozowonen.nl\/de\/wp-json\/wp\/v2\/product"}],"about":[{"href":"https:\/\/zozowonen.nl\/de\/wp-json\/wp\/v2\/types\/product"}],"version-history":[{"count":1,"href":"https:\/\/zozowonen.nl\/de\/wp-json\/wp\/v2\/product\/20037\/revisions"}],"predecessor-version":[{"id":26469,"href":"https:\/\/zozowonen.nl\/de\/wp-json\/wp\/v2\/product\/20037\/revisions\/26469"}],"wp:featuredmedia":[{"embeddable":true,"href":"https:\/\/zozowonen.nl\/de\/wp-json\/wp\/v2\/media\/26467"}],"wp:attachment":[{"href":"https:\/\/zozowonen.nl\/de\/wp-json\/wp\/v2\/media?parent=20037"}],"wp:term":[{"taxonomy":"product_brand","embeddable":true,"href":"https:\/\/zozowonen.nl\/de\/wp-json\/wp\/v2\/product_brand?post=20037"},{"taxonomy":"product_cat","embeddable":true,"href":"https:\/\/zozowonen.nl\/de\/wp-json\/wp\/v2\/product_cat?post=20037"},{"taxonomy":"product_tag","embeddable":true,"href":"https:\/\/zozowonen.nl\/de\/wp-json\/wp\/v2\/product_tag?post=20037"}],"curies":[{"name":"wp","href":"https:\/\/api.w.org\/{rel}","templated":true}]}}