{"id":19996,"date":"2024-01-17T13:10:27","date_gmt":"2024-01-17T13:10:27","guid":{"rendered":"https:\/?post_type=product&#038;p=19996"},"modified":"2026-04-24T11:51:53","modified_gmt":"2026-04-24T11:51:53","slug":"keukenrolhouder-3-lades","status":"publish","type":"product","link":"https:\/\/zozowonen.nl\/de\/produkt\/keukenrolhouder-3-lades\/","title":{"rendered":"K\u00fcchenrollenhalter \u2013 3 Schubladen \u2013 Teakholz"},"content":{"rendered":"","protected":false},"excerpt":{"rendered":"<p>Vervollst\u00e4ndigen Sie Ihre Landhausk\u00fcche mit diesem sch\u00f6nen und robusten K\u00fcchenrollenhalter aus Teakholz. Praktisch und stilvoll zugleich, sorgt er daf\u00fcr, dass Ihre K\u00fcchenrollen stets griffbereit sind und schafft eine warme, gem\u00fctliche Landhausatmosph\u00e4re. Dieser praktische K\u00fcchenrollenhalter bietet nicht nur einen bequemen Platz f\u00fcr Ihre Rollen, sondern dank der drei Schubladen auch zus\u00e4tzlichen Stauraum.<\/p>\n<p>Die Farben k\u00f6nnen leicht abweichen.<\/p>","protected":false},"featured_media":29601,"template":"","meta":{"_joinchat":[]},"product_brand":[],"product_cat":[43],"product_tag":[1515,1516,961],"class_list":{"0":"post-19996","1":"product","2":"type-product","3":"status-publish","4":"has-post-thumbnail","6":"product_cat-landelijke-woonaccessoires","7":"product_tag-houten-keukenrolhouder","8":"product_tag-houten-keukenrolhouder-action","9":"product_tag-keukenrolhouder","11":"first","12":"instock","13":"taxable","14":"shipping-taxable","15":"purchasable","16":"product-type-simple"},"_links":{"self":[{"href":"https:\/\/zozowonen.nl\/de\/wp-json\/wp\/v2\/product\/19996","targetHints":{"allow":["GET"]}}],"collection":[{"href":"https:\/\/zozowonen.nl\/de\/wp-json\/wp\/v2\/product"}],"about":[{"href":"https:\/\/zozowonen.nl\/de\/wp-json\/wp\/v2\/types\/product"}],"version-history":[{"count":6,"href":"https:\/\/zozowonen.nl\/de\/wp-json\/wp\/v2\/product\/19996\/revisions"}],"predecessor-version":[{"id":29570,"href":"https:\/\/zozowonen.nl\/de\/wp-json\/wp\/v2\/product\/19996\/revisions\/29570"}],"wp:featuredmedia":[{"embeddable":true,"href":"https:\/\/zozowonen.nl\/de\/wp-json\/wp\/v2\/media\/29601"}],"wp:attachment":[{"href":"https:\/\/zozowonen.nl\/de\/wp-json\/wp\/v2\/media?parent=19996"}],"wp:term":[{"taxonomy":"product_brand","embeddable":true,"href":"https:\/\/zozowonen.nl\/de\/wp-json\/wp\/v2\/product_brand?post=19996"},{"taxonomy":"product_cat","embeddable":true,"href":"https:\/\/zozowonen.nl\/de\/wp-json\/wp\/v2\/product_cat?post=19996"},{"taxonomy":"product_tag","embeddable":true,"href":"https:\/\/zozowonen.nl\/de\/wp-json\/wp\/v2\/product_tag?post=19996"}],"curies":[{"name":"wp","href":"https:\/\/api.w.org\/{rel}","templated":true}]}}