{"id":19551,"date":"2023-12-19T07:43:43","date_gmt":"2023-12-19T07:43:43","guid":{"rendered":"https:\/?post_type=product&#038;p=19551"},"modified":"2026-02-05T07:24:30","modified_gmt":"2026-02-05T07:24:30","slug":"houten-klos","status":"publish","type":"product","link":"https:\/\/zozowonen.nl\/de\/produkt\/houten-klos\/","title":{"rendered":"Holzspule \u2013 15 cm"},"content":{"rendered":"","protected":false},"excerpt":{"rendered":"<p>H\u00fcbsche Holzspulen. Wundersch\u00f6n zum Dekorieren eines Fensterladens, eines Kranzes oder in einer sch\u00f6nen Holzschale.<\/p>\n<p>Einzeln erh\u00e4ltlich.<\/p>","protected":false},"featured_media":19552,"template":"","meta":{"_joinchat":[]},"product_brand":[],"product_cat":[43],"product_tag":[262,854],"class_list":{"0":"post-19551","1":"product","2":"type-product","3":"status-publish","4":"has-post-thumbnail","6":"product_cat-landelijke-woonaccessoires","7":"product_tag-houten-klos","8":"product_tag-houten-klossen","10":"first","11":"instock","12":"taxable","13":"shipping-taxable","14":"purchasable","15":"product-type-simple"},"_links":{"self":[{"href":"https:\/\/zozowonen.nl\/de\/wp-json\/wp\/v2\/product\/19551","targetHints":{"allow":["GET"]}}],"collection":[{"href":"https:\/\/zozowonen.nl\/de\/wp-json\/wp\/v2\/product"}],"about":[{"href":"https:\/\/zozowonen.nl\/de\/wp-json\/wp\/v2\/types\/product"}],"version-history":[{"count":6,"href":"https:\/\/zozowonen.nl\/de\/wp-json\/wp\/v2\/product\/19551\/revisions"}],"predecessor-version":[{"id":29022,"href":"https:\/\/zozowonen.nl\/de\/wp-json\/wp\/v2\/product\/19551\/revisions\/29022"}],"wp:featuredmedia":[{"embeddable":true,"href":"https:\/\/zozowonen.nl\/de\/wp-json\/wp\/v2\/media\/19552"}],"wp:attachment":[{"href":"https:\/\/zozowonen.nl\/de\/wp-json\/wp\/v2\/media?parent=19551"}],"wp:term":[{"taxonomy":"product_brand","embeddable":true,"href":"https:\/\/zozowonen.nl\/de\/wp-json\/wp\/v2\/product_brand?post=19551"},{"taxonomy":"product_cat","embeddable":true,"href":"https:\/\/zozowonen.nl\/de\/wp-json\/wp\/v2\/product_cat?post=19551"},{"taxonomy":"product_tag","embeddable":true,"href":"https:\/\/zozowonen.nl\/de\/wp-json\/wp\/v2\/product_tag?post=19551"}],"curies":[{"name":"wp","href":"https:\/\/api.w.org\/{rel}","templated":true}]}}