{"id":19512,"date":"2023-12-17T08:48:13","date_gmt":"2023-12-17T08:48:13","guid":{"rendered":"https:\/?post_type=product&#038;p=19512"},"modified":"2024-05-01T11:09:09","modified_gmt":"2024-05-01T11:09:09","slug":"houten-lepel-zwart","status":"publish","type":"product","link":"https:\/\/zozowonen.nl\/de\/produkt\/houten-lepel-zwart\/","title":{"rendered":"Holzl\u00f6ffel \u2013 Schwarz"},"content":{"rendered":"","protected":false},"excerpt":{"rendered":"<p>Entdecken Sie unseren wundersch\u00f6nen schwarzen Dekol\u00f6ffel aus Holz \u2013 die perfekte Erg\u00e4nzung f\u00fcr jedes Interieur. Dieser vielseitige L\u00f6ffel eignet sich ideal zum Pr\u00e4sentieren von Teelichtern, Duftw\u00fcrfeln oder anderen Dekorationen. Gefertigt aus hochwertigem Holz f\u00fcr Langlebigkeit und eine nat\u00fcrliche Optik.<\/p>\n<p>Erh\u00e4ltlich in 2 Gr\u00f6\u00dfen.<\/p>","protected":false},"featured_media":19515,"template":"","meta":{"_joinchat":[]},"product_brand":[],"product_cat":[43],"product_tag":[870,869],"class_list":{"0":"post-19512","1":"product","2":"type-product","3":"status-publish","4":"has-post-thumbnail","6":"product_cat-landelijke-woonaccessoires","7":"product_tag-houten-lepel","8":"product_tag-houten-lepel-landelijk","10":"first","11":"instock","12":"taxable","13":"shipping-taxable","14":"purchasable","15":"product-type-variable"},"_links":{"self":[{"href":"https:\/\/zozowonen.nl\/de\/wp-json\/wp\/v2\/product\/19512","targetHints":{"allow":["GET"]}}],"collection":[{"href":"https:\/\/zozowonen.nl\/de\/wp-json\/wp\/v2\/product"}],"about":[{"href":"https:\/\/zozowonen.nl\/de\/wp-json\/wp\/v2\/types\/product"}],"version-history":[{"count":0,"href":"https:\/\/zozowonen.nl\/de\/wp-json\/wp\/v2\/product\/19512\/revisions"}],"wp:featuredmedia":[{"embeddable":true,"href":"https:\/\/zozowonen.nl\/de\/wp-json\/wp\/v2\/media\/19515"}],"wp:attachment":[{"href":"https:\/\/zozowonen.nl\/de\/wp-json\/wp\/v2\/media?parent=19512"}],"wp:term":[{"taxonomy":"product_brand","embeddable":true,"href":"https:\/\/zozowonen.nl\/de\/wp-json\/wp\/v2\/product_brand?post=19512"},{"taxonomy":"product_cat","embeddable":true,"href":"https:\/\/zozowonen.nl\/de\/wp-json\/wp\/v2\/product_cat?post=19512"},{"taxonomy":"product_tag","embeddable":true,"href":"https:\/\/zozowonen.nl\/de\/wp-json\/wp\/v2\/product_tag?post=19512"}],"curies":[{"name":"wp","href":"https:\/\/api.w.org\/{rel}","templated":true}]}}