{"id":19442,"date":"2023-12-11T09:26:48","date_gmt":"2023-12-11T09:26:48","guid":{"rendered":"https:\/?post_type=product&#038;p=19442"},"modified":"2026-04-12T08:03:14","modified_gmt":"2026-04-12T08:03:14","slug":"houten-onderzetters-op-standaard","status":"publish","type":"product","link":"https:\/\/zozowonen.nl\/de\/produkt\/houten-onderzetters-op-standaard\/","title":{"rendered":"6 Untersetzer aus Holz auf einem Metallst\u00e4nder"},"content":{"rendered":"","protected":false},"excerpt":{"rendered":"<p>Unsere rustikalen Holzuntersetzer vereinen nat\u00fcrliche Sch\u00f6nheit mit praktischem Design. Sie werden an einer Metallhalterung aufgeh\u00e4ngt und sch\u00fctzen Ihre Tischoberfl\u00e4che, w\u00e4hrend sie Ihrem Interieur gleichzeitig einen rustikalen Charme verleihen. Die perfekte Erg\u00e4nzung f\u00fcr jede rustikale Einrichtung.<\/p>\n<p>Abmessungen der Untersetzer ohne Griff: 10 x 10 cm.<\/p>","protected":false},"featured_media":31938,"template":"","meta":{"_joinchat":[]},"product_brand":[],"product_cat":[71],"product_tag":[764],"class_list":{"0":"post-19442","1":"product","2":"type-product","3":"status-publish","4":"has-post-thumbnail","6":"product_cat-onderzetters","7":"product_tag-houten-onderzetters","9":"first","10":"instock","11":"taxable","12":"shipping-taxable","13":"purchasable","14":"product-type-simple"},"_links":{"self":[{"href":"https:\/\/zozowonen.nl\/de\/wp-json\/wp\/v2\/product\/19442","targetHints":{"allow":["GET"]}}],"collection":[{"href":"https:\/\/zozowonen.nl\/de\/wp-json\/wp\/v2\/product"}],"about":[{"href":"https:\/\/zozowonen.nl\/de\/wp-json\/wp\/v2\/types\/product"}],"version-history":[{"count":2,"href":"https:\/\/zozowonen.nl\/de\/wp-json\/wp\/v2\/product\/19442\/revisions"}],"predecessor-version":[{"id":31937,"href":"https:\/\/zozowonen.nl\/de\/wp-json\/wp\/v2\/product\/19442\/revisions\/31937"}],"wp:featuredmedia":[{"embeddable":true,"href":"https:\/\/zozowonen.nl\/de\/wp-json\/wp\/v2\/media\/31938"}],"wp:attachment":[{"href":"https:\/\/zozowonen.nl\/de\/wp-json\/wp\/v2\/media?parent=19442"}],"wp:term":[{"taxonomy":"product_brand","embeddable":true,"href":"https:\/\/zozowonen.nl\/de\/wp-json\/wp\/v2\/product_brand?post=19442"},{"taxonomy":"product_cat","embeddable":true,"href":"https:\/\/zozowonen.nl\/de\/wp-json\/wp\/v2\/product_cat?post=19442"},{"taxonomy":"product_tag","embeddable":true,"href":"https:\/\/zozowonen.nl\/de\/wp-json\/wp\/v2\/product_tag?post=19442"}],"curies":[{"name":"wp","href":"https:\/\/api.w.org\/{rel}","templated":true}]}}