{"id":18147,"date":"2023-11-02T10:37:19","date_gmt":"2023-11-02T10:37:19","guid":{"rendered":"https:\/?post_type=product&#038;p=18147"},"modified":"2026-02-05T06:44:06","modified_gmt":"2026-02-05T06:44:06","slug":"waxinelichtjes-op-batterij","status":"publish","type":"product","link":"https:\/\/zozowonen.nl\/de\/produkt\/waxinelichtjes-op-batterij\/","title":{"rendered":"Batteriebetriebene Teelichter \u2013 Taupe"},"content":{"rendered":"<div data-elementor-type=\"wp-post\" data-elementor-id=\"18147\" class=\"elementor elementor-18147\">\n\t\t\t\t\t\t<section class=\"wd-negative-gap elementor-section elementor-top-section elementor-element elementor-element-4de31b4 elementor-section-boxed elementor-section-height-default elementor-section-height-default\" data-id=\"4de31b4\" data-element_type=\"section\" data-e-type=\"section\">\n\t\t\t\t\t\t<div class=\"elementor-container elementor-column-gap-default\">\n\t\t\t\t\t<div class=\"elementor-column elementor-col-100 elementor-top-column elementor-element elementor-element-1f70354\" data-id=\"1f70354\" data-element_type=\"column\" data-e-type=\"column\">\n\t\t\t<div class=\"elementor-widget-wrap elementor-element-populated\">\n\t\t\t\t\t\t<div class=\"elementor-element elementor-element-a2ebdf3 elementor-widget elementor-widget-wd_text_block\" data-id=\"a2ebdf3\" data-element_type=\"widget\" data-e-type=\"widget\" data-widget_type=\"wd_text_block.default\">\n\t\t\t\t<div class=\"elementor-widget-container\">\n\t\t\t\t\t\t\t<div class=\"wd-text-block reset-last-child text-left\">\n\t\t\t\n\t\t\t<p><em><strong>Warum sollten Sie sich f\u00fcr unsere LED-Teelichter entscheiden?<\/strong><\/em><\/p><ol><li><p><strong>Sicherheit geht vor:<\/strong> Mit LED-Teelichtern m\u00fcssen Sie sich nie wieder Sorgen um Brandgefahren machen. Sie eignen sich ideal f\u00fcr den Einsatz zu Hause, f\u00fcr besondere Anl\u00e4sse oder sogar in Kinderzimmern.<\/p><\/li><li><p><strong>Lang anhaltender Charme:<\/strong> Im Gegensatz zu herk\u00f6mmlichen Teelichtern brennen unsere LED-Varianten besonders lange. Sie sind mit leicht austauschbaren Batterien ausgestattet, sodass Sie ihr stimmungsvolles Licht immer wieder genie\u00dfen k\u00f6nnen.<\/p><\/li><li><p><strong>Umweltbewusst:<\/strong> Unsere LED-Teelichter sind eine umweltfreundliche Wahl. Sie verursachen keine CO2-Emissionen und produzieren keinen Abfall, wie zum Beispiel leere Teelichthalter.<\/p><\/li><li><p><strong>Einfache Bedienung:<\/strong> Die LED-Teelichter lassen sich m\u00fchelos mit einem einfachen Ein-\/Ausschalter bedienen. Schaffen Sie im Handumdrehen die gew\u00fcnschte Atmosph\u00e4re.<\/p><\/li><\/ol><p><em><strong>Anwendungsbereiche von LED-Teelichtern<\/strong><\/em><\/p><ul><li><p><strong>Romantische Abendessen:<\/strong> Schaffen Sie mit diesen LED-Teelichtern eine gem\u00fctliche Atmosph\u00e4re auf dem Esstisch.<\/p><\/li><li><p><strong>Festliche Anl\u00e4sse:<\/strong> Verleihen Sie Ihrer Partydekoration einen Hauch von Magie \u2013 ganz ohne Brandgefahr.<\/p><\/li><li><p><strong>Momente der Entspannung:<\/strong> Nutzen Sie sie w\u00e4hrend eines entspannenden Bades oder einer Meditationssitzung, um eine beruhigende Atmosph\u00e4re zu schaffen.<\/p><\/li><\/ul><p>Entdecken Sie noch heute die wundersch\u00f6ne Welt der LED-Teelichter und genie\u00dfen Sie die W\u00e4rme und den Charme, die sie zu bieten haben.\u00a0<\/p>\n\t\t\t\t\t<\/div>\n\t\t\t\t\t\t<\/div>\n\t\t\t\t<\/div>\n\t\t\t\t\t<\/div>\n\t\t<\/div>\n\t\t\t\t\t<\/div>\n\t\t<\/section>\n\t\t\t\t<\/div>","protected":false},"excerpt":{"rendered":"<p><strong>Entdecken Sie den Zauber batteriebetriebener LED-Teelichter. <\/strong>M\u00f6chten Sie die W\u00e4rme und Atmosph\u00e4re traditioneller Teelichter genie\u00dfen, ohne sich Gedanken \u00fcber offene Flammen machen zu m\u00fcssen? Unsere batteriebetriebenen LED-Teelichter sind die perfekte L\u00f6sung! Sie erzeugen ein wundersch\u00f6nes, realistisches Flammenspiel. Sicher, nachhaltig und umweltfreundlich.<\/p>\n<ul>\n<li>Sie sind in Zweierpackungen verpackt.<\/li>\n<li>Batterien: AAA.<\/li>\n<li><strong>Lieferung ohne Batterien.<\/strong><\/li>\n<li>Fernbedienung optional.<\/li>\n<li>Durchmesser: 6,5 cm.<\/li>\n<\/ul>","protected":false},"featured_media":23180,"template":"","meta":{"_joinchat":[]},"product_brand":[],"product_cat":[33],"product_tag":[1386,112,1385,1384],"class_list":{"0":"post-18147","1":"product","2":"type-product","3":"status-publish","4":"has-post-thumbnail","6":"product_cat-ledkaarsen-waxinelichtjes","7":"product_tag-led-theelichtjes","8":"product_tag-led-waxine-lichtjes","9":"product_tag-led-waxinelichtjes-met-bewegende-vlam","10":"product_tag-waxinelichtjes-op-batterij","12":"first","13":"instock","14":"taxable","15":"shipping-taxable","16":"purchasable","17":"product-type-simple"},"_links":{"self":[{"href":"https:\/\/zozowonen.nl\/de\/wp-json\/wp\/v2\/product\/18147","targetHints":{"allow":["GET"]}}],"collection":[{"href":"https:\/\/zozowonen.nl\/de\/wp-json\/wp\/v2\/product"}],"about":[{"href":"https:\/\/zozowonen.nl\/de\/wp-json\/wp\/v2\/types\/product"}],"version-history":[{"count":2,"href":"https:\/\/zozowonen.nl\/de\/wp-json\/wp\/v2\/product\/18147\/revisions"}],"predecessor-version":[{"id":28712,"href":"https:\/\/zozowonen.nl\/de\/wp-json\/wp\/v2\/product\/18147\/revisions\/28712"}],"wp:featuredmedia":[{"embeddable":true,"href":"https:\/\/zozowonen.nl\/de\/wp-json\/wp\/v2\/media\/23180"}],"wp:attachment":[{"href":"https:\/\/zozowonen.nl\/de\/wp-json\/wp\/v2\/media?parent=18147"}],"wp:term":[{"taxonomy":"product_brand","embeddable":true,"href":"https:\/\/zozowonen.nl\/de\/wp-json\/wp\/v2\/product_brand?post=18147"},{"taxonomy":"product_cat","embeddable":true,"href":"https:\/\/zozowonen.nl\/de\/wp-json\/wp\/v2\/product_cat?post=18147"},{"taxonomy":"product_tag","embeddable":true,"href":"https:\/\/zozowonen.nl\/de\/wp-json\/wp\/v2\/product_tag?post=18147"}],"curies":[{"name":"wp","href":"https:\/\/api.w.org\/{rel}","templated":true}]}}