{"id":17899,"date":"2023-10-22T13:30:11","date_gmt":"2023-10-22T13:30:11","guid":{"rendered":"https:\/?post_type=product&#038;p=17899"},"modified":"2026-03-16T11:38:14","modified_gmt":"2026-03-16T11:38:14","slug":"houten-onderzetters","status":"publish","type":"product","link":"https:\/\/zozowonen.nl\/de\/produkt\/houten-onderzetters\/","title":{"rendered":"Untersetzer aus Holz im Halter"},"content":{"rendered":"","protected":false},"excerpt":{"rendered":"<p>Untersetzer aus Holz sind praktische und langlebige Accessoires f\u00fcr jeden Haushalt. Sie sch\u00fctzen Tische vor Kalkablagerungen und Hitze und sorgen daf\u00fcr, dass Ihre M\u00f6bel l\u00e4nger sch\u00f6n aussehen. Dank ihres schlichten und nat\u00fcrlichen Aussehens passen sie zu verschiedenen Einrichtungsstilen, von Landhaus bis rustikal.<\/p>","protected":false},"featured_media":23169,"template":"","meta":{"_joinchat":[]},"product_brand":[],"product_cat":[71],"product_tag":[764],"class_list":{"0":"post-17899","1":"product","2":"type-product","3":"status-publish","4":"has-post-thumbnail","6":"product_cat-onderzetters","7":"product_tag-houten-onderzetters","9":"first","10":"outofstock","11":"taxable","12":"shipping-taxable","13":"purchasable","14":"product-type-simple"},"_links":{"self":[{"href":"https:\/\/zozowonen.nl\/de\/wp-json\/wp\/v2\/product\/17899","targetHints":{"allow":["GET"]}}],"collection":[{"href":"https:\/\/zozowonen.nl\/de\/wp-json\/wp\/v2\/product"}],"about":[{"href":"https:\/\/zozowonen.nl\/de\/wp-json\/wp\/v2\/types\/product"}],"version-history":[{"count":1,"href":"https:\/\/zozowonen.nl\/de\/wp-json\/wp\/v2\/product\/17899\/revisions"}],"predecessor-version":[{"id":25938,"href":"https:\/\/zozowonen.nl\/de\/wp-json\/wp\/v2\/product\/17899\/revisions\/25938"}],"wp:featuredmedia":[{"embeddable":true,"href":"https:\/\/zozowonen.nl\/de\/wp-json\/wp\/v2\/media\/23169"}],"wp:attachment":[{"href":"https:\/\/zozowonen.nl\/de\/wp-json\/wp\/v2\/media?parent=17899"}],"wp:term":[{"taxonomy":"product_brand","embeddable":true,"href":"https:\/\/zozowonen.nl\/de\/wp-json\/wp\/v2\/product_brand?post=17899"},{"taxonomy":"product_cat","embeddable":true,"href":"https:\/\/zozowonen.nl\/de\/wp-json\/wp\/v2\/product_cat?post=17899"},{"taxonomy":"product_tag","embeddable":true,"href":"https:\/\/zozowonen.nl\/de\/wp-json\/wp\/v2\/product_tag?post=17899"}],"curies":[{"name":"wp","href":"https:\/\/api.w.org\/{rel}","templated":true}]}}