{"id":17688,"date":"2023-10-14T09:06:01","date_gmt":"2023-10-14T09:06:01","guid":{"rendered":"https:\/?post_type=product&#038;p=17688"},"modified":"2026-03-21T08:14:05","modified_gmt":"2026-03-21T08:14:05","slug":"metalen-hangkandelaar-waxinehouder","status":"publish","type":"product","link":"https:\/\/zozowonen.nl\/de\/produkt\/metalen-hangkandelaar-waxinehouder\/","title":{"rendered":"H\u00e4ngender Kerzenhalter aus Metall \u2013 Teelichthalter \u2013 20 cm"},"content":{"rendered":"","protected":false},"excerpt":{"rendered":"<p>Beleuchten Sie Ihre R\u00e4ume elegant und stimmungsvoll mit unserem h\u00e4ngenden Kerzenhalter aus Metall, der speziell f\u00fcr Teelichter oder LED-Teelichter entworfen wurde. Dieser wundersch\u00f6ne Kerzenhalter verleiht jedem Interieur einen Hauch von klassischem Charme.<\/p>","protected":false},"featured_media":17689,"template":"","meta":{"_joinchat":[]},"product_brand":[],"product_cat":[1336],"product_tag":[739,265],"class_list":{"0":"post-17688","1":"product","2":"type-product","3":"status-publish","4":"has-post-thumbnail","6":"product_cat-theelichthouders","7":"product_tag-hangkandelaar","8":"product_tag-waxinehouder","10":"first","11":"instock","12":"taxable","13":"shipping-taxable","14":"purchasable","15":"product-type-simple"},"_links":{"self":[{"href":"https:\/\/zozowonen.nl\/de\/wp-json\/wp\/v2\/product\/17688","targetHints":{"allow":["GET"]}}],"collection":[{"href":"https:\/\/zozowonen.nl\/de\/wp-json\/wp\/v2\/product"}],"about":[{"href":"https:\/\/zozowonen.nl\/de\/wp-json\/wp\/v2\/types\/product"}],"version-history":[{"count":1,"href":"https:\/\/zozowonen.nl\/de\/wp-json\/wp\/v2\/product\/17688\/revisions"}],"predecessor-version":[{"id":25516,"href":"https:\/\/zozowonen.nl\/de\/wp-json\/wp\/v2\/product\/17688\/revisions\/25516"}],"wp:featuredmedia":[{"embeddable":true,"href":"https:\/\/zozowonen.nl\/de\/wp-json\/wp\/v2\/media\/17689"}],"wp:attachment":[{"href":"https:\/\/zozowonen.nl\/de\/wp-json\/wp\/v2\/media?parent=17688"}],"wp:term":[{"taxonomy":"product_brand","embeddable":true,"href":"https:\/\/zozowonen.nl\/de\/wp-json\/wp\/v2\/product_brand?post=17688"},{"taxonomy":"product_cat","embeddable":true,"href":"https:\/\/zozowonen.nl\/de\/wp-json\/wp\/v2\/product_cat?post=17688"},{"taxonomy":"product_tag","embeddable":true,"href":"https:\/\/zozowonen.nl\/de\/wp-json\/wp\/v2\/product_tag?post=17688"}],"curies":[{"name":"wp","href":"https:\/\/api.w.org\/{rel}","templated":true}]}}