{"id":17635,"date":"2023-10-12T08:51:22","date_gmt":"2023-10-12T08:51:22","guid":{"rendered":"https:\/?post_type=product&#038;p=17635"},"modified":"2026-04-19T16:09:38","modified_gmt":"2026-04-19T16:09:38","slug":"houten-deco-schepje","status":"publish","type":"product","link":"https:\/\/zozowonen.nl\/de\/produkt\/houten-deco-schepje\/","title":{"rendered":"Holzdeko-Schaufel"},"content":{"rendered":"","protected":false},"excerpt":{"rendered":"<p>Rustikale Holzschaufel \u2013 die perfekte Dekoration f\u00fcr Ihr Interieur im Landhausstil. Ideal zum Pr\u00e4sentieren von beispielsweise herrlich duftenden Bernsteinw\u00fcrfeln.<\/p>","protected":false},"featured_media":17636,"template":"","meta":{"_joinchat":[]},"product_brand":[],"product_cat":[43],"product_tag":[578,577,579],"class_list":{"0":"post-17635","1":"product","2":"type-product","3":"status-publish","4":"has-post-thumbnail","6":"product_cat-landelijke-woonaccessoires","7":"product_tag-waxinelichthouder","8":"product_tag-waxinelichthouder-glas","9":"product_tag-waxinelichtjeshouder-action","11":"first","12":"instock","13":"taxable","14":"shipping-taxable","15":"purchasable","16":"product-type-simple"},"_links":{"self":[{"href":"https:\/\/zozowonen.nl\/de\/wp-json\/wp\/v2\/product\/17635","targetHints":{"allow":["GET"]}}],"collection":[{"href":"https:\/\/zozowonen.nl\/de\/wp-json\/wp\/v2\/product"}],"about":[{"href":"https:\/\/zozowonen.nl\/de\/wp-json\/wp\/v2\/types\/product"}],"version-history":[{"count":2,"href":"https:\/\/zozowonen.nl\/de\/wp-json\/wp\/v2\/product\/17635\/revisions"}],"predecessor-version":[{"id":28624,"href":"https:\/\/zozowonen.nl\/de\/wp-json\/wp\/v2\/product\/17635\/revisions\/28624"}],"wp:featuredmedia":[{"embeddable":true,"href":"https:\/\/zozowonen.nl\/de\/wp-json\/wp\/v2\/media\/17636"}],"wp:attachment":[{"href":"https:\/\/zozowonen.nl\/de\/wp-json\/wp\/v2\/media?parent=17635"}],"wp:term":[{"taxonomy":"product_brand","embeddable":true,"href":"https:\/\/zozowonen.nl\/de\/wp-json\/wp\/v2\/product_brand?post=17635"},{"taxonomy":"product_cat","embeddable":true,"href":"https:\/\/zozowonen.nl\/de\/wp-json\/wp\/v2\/product_cat?post=17635"},{"taxonomy":"product_tag","embeddable":true,"href":"https:\/\/zozowonen.nl\/de\/wp-json\/wp\/v2\/product_tag?post=17635"}],"curies":[{"name":"wp","href":"https:\/\/api.w.org\/{rel}","templated":true}]}}