{"id":16322,"date":"2023-09-11T11:13:14","date_gmt":"2023-09-11T11:13:14","guid":{"rendered":"https:\/?post_type=product&#038;p=16322"},"modified":"2026-02-19T16:22:51","modified_gmt":"2026-02-19T16:22:51","slug":"shabby-doek-paddestoelen","status":"publish","type":"product","link":"https:\/\/zozowonen.nl\/de\/produkt\/shabby-doek-paddestoelen\/","title":{"rendered":"Shabby Cloth \u2013 Herbstpilze \u2013 30 x 45 cm"},"content":{"rendered":"<div data-elementor-type=\"wp-post\" data-elementor-id=\"16322\" class=\"elementor elementor-16322\">\n\t\t\t\t\t\t<section class=\"wd-negative-gap elementor-section elementor-top-section elementor-element elementor-element-b983026 elementor-section-boxed elementor-section-height-default elementor-section-height-default\" data-id=\"b983026\" data-element_type=\"section\" data-e-type=\"section\">\n\t\t\t\t\t\t<div class=\"elementor-container elementor-column-gap-default\">\n\t\t\t\t\t<div class=\"elementor-column elementor-col-100 elementor-top-column elementor-element elementor-element-bc7b570\" data-id=\"bc7b570\" data-element_type=\"column\" data-e-type=\"column\">\n\t\t\t<div class=\"elementor-widget-wrap elementor-element-populated\">\n\t\t\t\t\t\t<div class=\"elementor-element elementor-element-8023a65 elementor-widget elementor-widget-wd_text_block\" data-id=\"8023a65\" data-element_type=\"widget\" data-e-type=\"widget\" data-widget_type=\"wd_text_block.default\">\n\t\t\t\t<div class=\"elementor-widget-container\">\n\t\t\t\t\t\t\t<div class=\"wd-text-block reset-last-child text-left\">\n\t\t\t\n\t\t\t<p>Mit Stoffen im Shabby-Chic-Stil schaffen Sie m\u00fchelos ein stilvolles und zeitloses Ambiente. Ob Sie einen dezenten Akzent setzen oder ein Statement setzen m\u00f6chten \u2013 Stoffe im Shabby-Chic-Stil sind die ideale Wahl.<\/p><p>Verwenden Sie Shabby-Chic-Stoffe als Tischdecken, um Ihrem Esstisch einen Hauch von Vintage-Flair zu verleihen. H\u00e4ngen Sie sie als stimmungsvolle Wanddekorationen auf, um Ihrem Zuhause eine pers\u00f6nliche Note zu geben. Oder drapieren Sie sie \u00fcber Ihre M\u00f6bel f\u00fcr eine gem\u00fctliche und einladende Atmosph\u00e4re.<\/p><p>Mit Stoffen im Shabby-Chic-Stil verleihen Sie Ihrem Zuhause einen einzigartigen und charaktervollen Look, der zeitlos sch\u00f6n ist. Entdecken Sie noch heute unsere umfangreiche Kollektion und lassen Sie sich von den M\u00f6glichkeiten inspirieren, Ihr Interieur mit diesen wundersch\u00f6nen Dekostoffen zu verwandeln.\"<\/p>\n\t\t\t\t\t<\/div>\n\t\t\t\t\t\t<\/div>\n\t\t\t\t<\/div>\n\t\t\t\t\t<\/div>\n\t\t<\/div>\n\t\t\t\t\t<\/div>\n\t\t<\/section>\n\t\t\t\t<\/div>","protected":false},"excerpt":{"rendered":"<p>Ein Shabby-Chic-Tuch ist ideal, um Ihrem Interieur eine ruhige, nat\u00fcrliche Note zu verleihen. Hergestellt aus Materialien wie Baumwolle oder Leinen, setzt es auf Vasen, Kr\u00fcge oder Schalen verspielte Akzente. Das Shabby-Chic-Tuch schafft im Handumdrehen eine gem\u00fctliche Atmosph\u00e4re und passt perfekt zum Landhaus- oder rustikalen Stil.<\/p>","protected":false},"featured_media":24525,"template":"","meta":{"_joinchat":[]},"product_brand":[],"product_cat":[72],"product_tag":[163,74,164],"class_list":{"0":"post-16322","1":"product","2":"type-product","3":"status-publish","4":"has-post-thumbnail","6":"product_cat-shabby-doeken","7":"product_tag-shabby-doeken","8":"product_tag-shabby-doekjes","9":"product_tag-shabby-doekjes-kopen","11":"first","12":"instock","13":"taxable","14":"shipping-taxable","15":"purchasable","16":"product-type-simple"},"_links":{"self":[{"href":"https:\/\/zozowonen.nl\/de\/wp-json\/wp\/v2\/product\/16322","targetHints":{"allow":["GET"]}}],"collection":[{"href":"https:\/\/zozowonen.nl\/de\/wp-json\/wp\/v2\/product"}],"about":[{"href":"https:\/\/zozowonen.nl\/de\/wp-json\/wp\/v2\/types\/product"}],"version-history":[{"count":0,"href":"https:\/\/zozowonen.nl\/de\/wp-json\/wp\/v2\/product\/16322\/revisions"}],"wp:featuredmedia":[{"embeddable":true,"href":"https:\/\/zozowonen.nl\/de\/wp-json\/wp\/v2\/media\/24525"}],"wp:attachment":[{"href":"https:\/\/zozowonen.nl\/de\/wp-json\/wp\/v2\/media?parent=16322"}],"wp:term":[{"taxonomy":"product_brand","embeddable":true,"href":"https:\/\/zozowonen.nl\/de\/wp-json\/wp\/v2\/product_brand?post=16322"},{"taxonomy":"product_cat","embeddable":true,"href":"https:\/\/zozowonen.nl\/de\/wp-json\/wp\/v2\/product_cat?post=16322"},{"taxonomy":"product_tag","embeddable":true,"href":"https:\/\/zozowonen.nl\/de\/wp-json\/wp\/v2\/product_tag?post=16322"}],"curies":[{"name":"wp","href":"https:\/\/api.w.org\/{rel}","templated":true}]}}