{"id":3,"date":"2023-07-10T08:09:51","date_gmt":"2023-07-10T08:09:51","guid":{"rendered":"https:\/?page_id=3"},"modified":"2023-11-23T07:37:20","modified_gmt":"2023-11-23T07:37:20","slug":"privacybeleid","status":"publish","type":"page","link":"https:\/\/zozowonen.nl\/de\/privacybeleid\/","title":{"rendered":"Datenschutzrichtlinie"},"content":{"rendered":"<div data-elementor-type=\"wp-page\" data-elementor-id=\"3\" class=\"elementor elementor-3\">\n\t\t\t\t\t\t<section class=\"wd-negative-gap elementor-section elementor-top-section elementor-element elementor-element-6ecc4070 elementor-section-boxed elementor-section-height-default elementor-section-height-default\" data-id=\"6ecc4070\" data-element_type=\"section\" data-e-type=\"section\">\n\t\t\t\t\t\t<div class=\"elementor-container elementor-column-gap-default\">\n\t\t\t\t\t<div class=\"elementor-column elementor-col-100 elementor-top-column elementor-element elementor-element-635706af\" data-id=\"635706af\" data-element_type=\"column\" data-e-type=\"column\">\n\t\t\t<div class=\"elementor-widget-wrap elementor-element-populated\">\n\t\t\t\t\t\t<div class=\"elementor-element elementor-element-27caf789 color-scheme-inherit text-left elementor-widget elementor-widget-text-editor\" data-id=\"27caf789\" data-element_type=\"widget\" data-e-type=\"widget\" data-widget_type=\"text-editor.default\">\n\t\t\t\t<div class=\"elementor-widget-container\">\n\t\t\t\t\t\t\t\t\t\n<div class=\"page\" title=\"Seite 1\">\n<div class=\"section\">\n<div class=\"layoutArea\">\n<div class=\"column\">\n<p>Datenschutzrichtlinie von Zozowonen<\/p>\n<p><strong>\u00dcber unsere Datenschutzrichtlinie<br \/><\/strong>zozowonen legt gro\u00dfen Wert auf Ihre Privatsph\u00e4re. Daher verarbeiten wir nur Daten, die wir zur (Verbesserung) unserer Dienste ben\u00f6tigen, und behandeln die Informationen, die wir \u00fcber Sie und Ihre Nutzung unserer Dienste gesammelt haben, mit gr\u00f6\u00dfter Sorgfalt. Wir geben Ihre Daten niemals zu kommerziellen Zwecken an Dritte weiter.<\/p>\n<p>Diese Datenschutzerkl\u00e4rung gilt f\u00fcr die Nutzung der Website und der darauf angebotenen Dienste von zozowonen. Sie tritt am 15.09.2023 in Kraft; mit Ver\u00f6ffentlichung einer neuen Version verlieren alle vorherigen Versionen ihre G\u00fcltigkeit. Diese Datenschutzerkl\u00e4rung beschreibt, welche Daten wir \u00fcber Sie erheben, wozu diese Daten verwendet werden und an wen und unter welchen Bedingungen diese Daten an Dritte weitergegeben werden k\u00f6nnen. Wir erl\u00e4utern Ihnen au\u00dferdem, wie wir Ihre Daten speichern, wie wir sie vor Missbrauch sch\u00fctzen und welche Rechte Sie hinsichtlich Ihrer uns bereitgestellten personenbezogenen Daten haben.<\/p>\n<p>Wenn Sie Fragen zu unserer Datenschutzrichtlinie haben, k\u00f6nnen Sie sich an unseren Datenschutzbeauftragten wenden; die Kontaktdaten finden Sie am Ende unserer Datenschutzrichtlinie.<\/p>\n<p><strong>Bez\u00fcglich der Datenverarbeitung<br \/><\/strong>Im Folgenden erfahren Sie, wie wir Ihre Daten verarbeiten, wo wir sie speichern (oder speichern lassen), welche Sicherheitstechniken wir anwenden und wer Zugriff auf die Daten hat.<\/p>\n<\/div>\n<\/div>\n<div class=\"layoutArea\">\n<div class=\"column\">\n<p><strong>Webshop-Software<br \/><\/strong>WooCommerce. Unser Webshop basiert auf der WooCommerce-Software. Ihre personenbezogenen Daten, die Sie uns im Rahmen unserer Dienstleistungen \u00fcbermitteln, werden an WooCommerce weitergegeben. WooCommerce ben\u00f6tigt Ihre Daten, um uns (technischen) Support zu leisten; Ihre Daten werden niemals f\u00fcr andere Zwecke verwendet. Gem\u00e4\u00df der mit WooCommerce geschlossenen Vereinbarung ist WooCommerce verpflichtet, angemessene Sicherheitsma\u00dfnahmen zu ergreifen. Diese umfassen die SSL-Verschl\u00fcsselung und eine strenge Passwortrichtlinie. WooCommerce verwendet Cookies, um technische Informationen \u00fcber Ihre Nutzung der Software zu erfassen; dabei werden keine personenbezogenen Daten erhoben und\/oder gespeichert. WooCommerce beh\u00e4lt sich das Recht vor, die erhobenen Daten innerhalb der Unternehmensgruppe weiterzugeben, um den Service kontinuierlich zu verbessern.<\/p>\n<\/div>\n<\/div>\n<div class=\"section\">\n<div class=\"layoutArea\">\n<div class=\"column\">\n<p>Unser Webshop basiert auf der WooCommerce-Software, und wir haben uns f\u00fcr NIJM Webdesign &amp; Hosting als Webhosting-Anbieter entschieden. Ihre personenbezogenen Daten, die Sie uns im Rahmen unserer Dienstleistungen \u00fcbermitteln, werden an NIJM Webdesign &amp; Hosting weitergegeben. NIJM Webdesign &amp; Hosting ben\u00f6tigt Ihre Daten, um uns (technischen) Support zu leisten; Ihre Daten werden niemals f\u00fcr andere Zwecke verwendet. Gem\u00e4\u00df der mit NIJM Webdesign &amp; Hosting geschlossenen Vereinbarung ist das Unternehmen verpflichtet, angemessene Sicherheitsma\u00dfnahmen zu ergreifen. Diese umfassen die Verwendung von SSL-Verschl\u00fcsselung und eine strenge Passwortrichtlinie. Regelm\u00e4\u00dfige Datensicherungen verhindern Datenverlust.<\/p>\n<\/div>\n<\/div>\n<\/div>\n<\/div>\n<\/div>\n<div class=\"page\" title=\"Seite 2\">\n<div class=\"section\">\n<div class=\"layoutArea\">\n<div class=\"column\">\n<p><strong>Webhosting<br \/><\/strong>NIJM Webdesign &amp; Hosting. Wir beziehen Webhosting und E-Mail-Dienste von NIJM Webdesign &amp; Hosting. NIJM Webdesign &amp; Hosting verarbeitet personenbezogene Daten in unserem Auftrag und verwendet diese nicht f\u00fcr eigene Zwecke. Allerdings kann NIJM Webdesign &amp; Hosting Metadaten zur Nutzung der Dienste erfassen. Diese Metadaten sind keine personenbezogenen Daten. NIJM Webdesign &amp; Hosting hat geeignete technische und organisatorische Ma\u00dfnahmen getroffen, um den Verlust und die unbefugte Nutzung Ihrer personenbezogenen Daten zu verhindern. NIJM Webdesign &amp; Hosting ist zur Vertraulichkeit verpflichtet.<\/p>\n<\/div>\n<\/div>\n<div class=\"layoutArea\">\n<div class=\"column\">\n<p><strong>E-Mail- und Mailinglisten<br \/><\/strong>Wir versenden unsere E-Mail-Newsletter mit MailChimp. MailChimp verwendet Ihren Namen und Ihre E-Mail-Adresse niemals f\u00fcr eigene Zwecke. Am Ende jeder automatisch \u00fcber unsere Website versendeten E-Mail finden Sie den Link \u2018Abmelden\u2019. Sie erhalten dann keinen Newsletter mehr. Ihre pers\u00f6nlichen Daten werden von MailChimp sicher gespeichert. MailChimp verwendet Cookies und andere Internettechnologien, um zu erfassen, ob E-Mails ge\u00f6ffnet und gelesen werden. MailChimp beh\u00e4lt sich das Recht vor, Ihre Daten zur Verbesserung seiner Dienste zu nutzen und in diesem Zusammenhang Informationen an Dritte weiterzugeben.<\/p>\n<\/div>\n<\/div>\n<div class=\"section\">\n<div class=\"layoutArea\">\n<div class=\"column\">\n<p><strong>NIJM Webdesign &amp; Hosting<br \/><\/strong>Wir nutzen die Dienste von NIJM Webdesign &amp; Hosting f\u00fcr unseren regul\u00e4ren gesch\u00e4ftlichen E-Mail-Verkehr. Dieses Unternehmen hat angemessene technische und organisatorische Ma\u00dfnahmen getroffen, um Missbrauch, Verlust und Besch\u00e4digung Ihrer und unserer Daten bestm\u00f6glich zu verhindern. NIJM Webdesign &amp; Hosting hat keinen Zugriff auf unser Postfach, und wir behandeln unseren gesamten E-Mail-Verkehr vertraulich.<\/p>\n<\/div>\n<\/div>\n<\/div>\n<div class=\"layoutArea\">\n<div class=\"column\">\n<p><strong>Zahlungsabwickler<br \/><\/strong>Zur Abwicklung (eines Teils) der Zahlungen in unserem Webshop nutzen wir die Plattform Mollie. Mollie verarbeitet Ihren Namen, Ihre Adresse und Ihren Wohnort sowie Ihre Zahlungsdaten, wie z. B. Ihre Bankverbindung oder Kreditkartennummer. Mollie hat geeignete technische und organisatorische Ma\u00dfnahmen zum Schutz Ihrer personenbezogenen Daten getroffen. Mollie beh\u00e4lt sich das Recht vor, Ihre Daten zur Verbesserung seiner Dienstleistungen zu nutzen und in diesem Zusammenhang (anonymisierte) Daten an Dritte weiterzugeben. Alle oben genannten Sicherheitsvorkehrungen zum Schutz Ihrer personenbezogenen Daten gelten auch f\u00fcr diejenigen Teile der Dienstleistungen von Mollie, f\u00fcr die Dritte beauftragt werden. Mollie speichert Ihre Daten nicht l\u00e4nger als gesetzlich zul\u00e4ssig.<\/p>\n<\/div>\n<\/div>\n<div class=\"layoutArea\">\n<div class=\"column\">\n<p><strong>PayPal<br \/><\/strong>Zur Abwicklung (eines Teils) der Zahlungen in unserem Webshop nutzen wir die PayPal-Plattform. PayPal verarbeitet Ihren Namen, Ihre Adresse und Ihren Wohnort sowie Ihre Zahlungsdaten, wie z. B. Ihre Bankverbindung oder Kreditkartennummer. PayPal hat geeignete technische und organisatorische Ma\u00dfnahmen zum Schutz Ihrer personenbezogenen Daten getroffen. PayPal beh\u00e4lt sich das Recht vor, Ihre Daten zur Verbesserung seiner Dienstleistungen zu nutzen und in diesem Zusammenhang (anonymisierte) Daten an Dritte weiterzugeben. Bei einem Antrag auf Zahlungsaufschub (Kreditlinie) \u00fcbermittelt PayPal personenbezogene Daten und Informationen zu Ihrer finanziellen Situation an Auskunfteien. Alle oben genannten Sicherheitsvorkehrungen zum Schutz Ihrer personenbezogenen Daten gelten auch f\u00fcr diejenigen Teile der PayPal-Dienstleistungen, f\u00fcr die Dritte beauftragt werden. PayPal speichert Ihre Daten nicht l\u00e4nger als gesetzlich zul\u00e4ssig.<\/p>\n<\/div>\n<\/div>\n<\/div>\n<\/div>\n<div class=\"page\" title=\"Seite 3\">\n<div class=\"section\">\n<div class=\"layoutArea\">\n<div class=\"column\">\n<h3 class=\"wp-block-heading\"><strong>Versand und Logistik<\/strong><\/h3>\n<\/div>\n<\/div>\n<div class=\"section\">\n<div class=\"layoutArea\">\n<div class=\"column\">\n<p><strong>PostNL<br \/><\/strong>Wenn Sie bei uns eine Bestellung aufgeben, ist es unsere Aufgabe, Ihr Paket zuzustellen. Wir nutzen daf\u00fcr die Dienste von PostNL. Daher ist es erforderlich, dass wir Ihren Namen, Ihre Adresse und Ihren Wohnort an PostNL weitergeben. PostNL verwendet diese Daten ausschlie\u00dflich zur Vertragserf\u00fcllung. Sollte PostNL Subunternehmer beauftragen, werden Ihre Daten auch diesen zur Verf\u00fcgung gestellt.<\/p>\n<\/div>\n<\/div>\n<\/div>\n<div class=\"section\">\n<div class=\"layoutArea\">\n<div class=\"column\">\n<p><strong>DHL<br \/><\/strong>Wenn Sie bei uns eine Bestellung aufgeben, ist es unsere Aufgabe, Ihr Paket zuzustellen. Wir nutzen daf\u00fcr die Dienste von DHL. Um dies zu gew\u00e4hrleisten, m\u00fcssen wir Ihren Namen, Ihre Adresse und Ihren Wohnort an DHL weitergeben. DHL verwendet diese Daten ausschlie\u00dflich zur Vertragserf\u00fcllung. Sollte DHL Subunternehmer beauftragen, werden Ihre Daten auch diesen zur Verf\u00fcgung gestellt.<\/p>\n<\/div>\n<\/div>\n<\/div>\n<div class=\"layoutArea\">\n<div class=\"column\">\n<p><strong>Zweck der Datenverarbeitung<br \/><\/strong>Allgemeiner Verarbeitungszweck. Wir verwenden Ihre Daten ausschlie\u00dflich zur Erbringung unserer Dienstleistungen. Der Zweck der Verarbeitung steht daher stets in direktem Zusammenhang mit Ihrem Auftrag. Wir nutzen Ihre Daten nicht f\u00fcr (zielgerichtetes) Marketing. Sollten wir Sie zu einem sp\u00e4teren Zeitpunkt \u2013 au\u00dfer auf Ihre Anfrage hin \u2013 kontaktieren, holen wir Ihre ausdr\u00fcckliche Einwilligung ein. Ihre Daten werden nicht an Dritte weitergegeben, au\u00dfer zur Erf\u00fcllung buchhalterischer und anderer administrativer Pflichten. Diese Dritten sind aufgrund einer Vereinbarung mit uns, eines Eides oder einer gesetzlichen Verpflichtung zur Vertraulichkeit verpflichtet.<\/p>\n<\/div>\n<\/div>\n<\/div>\n<\/div>\n<div class=\"page\" title=\"Seite 4\">\n<div class=\"section\">\n<div class=\"layoutArea\">\n<div class=\"column\">\n<p><strong>Automatisch erfasste Daten<br \/><\/strong>Die von unserer Website automatisch erfassten Daten werden zum Zweck der weiteren Verbesserung unserer Dienste verarbeitet. Diese Daten (z. B. Ihre IP-Adresse, Ihr Webbrowser und Ihr Betriebssystem) sind keine personenbezogenen Daten.<\/p>\n<p><strong>Zusammenarbeit mit Steuer- und Strafverfolgungsbeh\u00f6rden<br \/><\/strong>In bestimmten F\u00e4llen kann zozowonen gesetzlich verpflichtet sein, Ihre Daten im Zusammenhang mit Steuer- oder Strafverfolgungsermittlungen durch Regierungsbeh\u00f6rden weiterzugeben. In einem solchen Fall sind wir zur Weitergabe Ihrer Daten gezwungen, werden uns dem jedoch im Rahmen des Gesetzes widersetzen.<\/p>\n<p><strong>Aufbewahrungsfristen<br \/><\/strong>Wir speichern Ihre Daten, solange Sie unser Kunde sind. Das bedeutet, dass wir Ihr Kundenprofil so lange aufbewahren, bis Sie uns mitteilen, dass Sie unsere Dienste nicht mehr nutzen m\u00f6chten. In diesem Fall werten wir dies auch als Antrag auf L\u00f6schung Ihrer Daten. Wir speichern Ihre Daten nicht l\u00e4nger als zwei Jahre nach dem letzten Kontakt oder der letzten Transaktion, es sei denn, es besteht eine rechtliche Grundlage f\u00fcr eine l\u00e4ngere Speicherung. Aufgrund geltender Aufbewahrungspflichten sind wir verpflichtet, Rechnungen mit Ihren (personenbezogenen) Daten aufzubewahren; diese Daten speichern wir daher f\u00fcr die Dauer der jeweiligen Aufbewahrungsfrist. Unsere Mitarbeiter haben jedoch keinen Zugriff mehr auf Ihr Kundenprofil und die im Zusammenhang mit Ihrer Bestellung erstellten Dokumente.<\/p>\n<p><strong>Ihre Rechte<br \/><\/strong>Gem\u00e4\u00df geltendem niederl\u00e4ndischem und europ\u00e4ischem Recht haben Sie als betroffene Person bestimmte Rechte hinsichtlich der von uns oder in unserem Auftrag verarbeiteten personenbezogenen Daten. Im Folgenden erl\u00e4utern wir diese Rechte und wie Sie sie aus\u00fcben k\u00f6nnen. Um Missbrauch zu verhindern, senden wir Abschriften und Kopien Ihrer Daten grunds\u00e4tzlich nur an die uns bereits bekannte E-Mail-Adresse. Sollten Sie die Daten an eine andere E-Mail-Adresse oder beispielsweise per Post erhalten wollen, bitten wir Sie, sich zu identifizieren. Wir f\u00fchren ein Protokoll \u00fcber bearbeitete Anfragen; im Falle eines Antrags auf L\u00f6schung Ihrer Daten speichern wir anonymisierte Daten. Sie erhalten alle Abschriften und Kopien Ihrer Daten in dem maschinenlesbaren Datenformat, das wir in unseren Systemen verwenden. Sie haben jederzeit das Recht, eine Beschwerde bei der niederl\u00e4ndischen Datenschutzbeh\u00f6rde einzureichen, wenn Sie den Verdacht haben, dass wir Ihre personenbezogenen Daten unrechtm\u00e4\u00dfig verwenden.<\/p>\n<p><strong>Inspektionsrecht<br \/><\/strong>Sie haben jederzeit das Recht, die von uns verarbeiteten (oder verarbeiteten) Daten einzusehen, die sich auf Ihre Person beziehen oder Ihnen zugeordnet werden k\u00f6nnen. Sie k\u00f6nnen hierzu eine Anfrage an unseren Datenschutzbeauftragten richten. Sie erhalten innerhalb von 30 Tagen eine Antwort. Wird Ihrer Anfrage stattgegeben, senden wir Ihnen eine Kopie aller Daten an die uns bekannte E-Mail-Adresse, zusammen mit einer \u00dcbersicht derjenigen, die diese Daten verarbeiten, und der jeweiligen Datenkategorie.<\/p>\n<p><strong>Recht auf Berichtigung<br \/><\/strong>Sie haben jederzeit das Recht, die von uns verarbeiteten (oder verarbeiteten) personenbezogenen Daten, die auf Sie zur\u00fcckzuf\u00fchren sind, berichtigen zu lassen. Sie k\u00f6nnen hierzu einen Antrag an unseren Datenschutzbeauftragten richten. Sie erhalten innerhalb von 30 Tagen eine Antwort. Wird Ihrem Antrag stattgegeben, senden wir Ihnen eine Best\u00e4tigung \u00fcber die erfolgte Berichtigung an die uns bekannte E-Mail-Adresse.<\/p>\n<p><strong>Recht auf Einschr\u00e4nkung der Verarbeitung<br \/><\/strong>Sie haben jederzeit das Recht, die Verarbeitung Ihrer personenbezogenen Daten durch uns einzuschr\u00e4nken. Einen entsprechenden Antrag k\u00f6nnen Sie an unseren Datenschutzbeauftragten richten. Sie erhalten innerhalb von 30 Tagen eine Antwort. Wird Ihrem Antrag stattgegeben, senden wir Ihnen eine Best\u00e4tigung an die uns bekannte E-Mail-Adresse, dass Ihre Daten erst wieder verarbeitet werden, wenn Sie die Einschr\u00e4nkung aufheben.<\/p>\n<p><strong>Recht auf Portabilit\u00e4t<br \/><\/strong>Sie haben jederzeit das Recht, die Verarbeitung Ihrer personenbezogenen Daten durch einen Dritten zu verlangen. Sie k\u00f6nnen hierzu einen Antrag an unseren Datenschutzbeauftragten stellen. Sie erhalten innerhalb von 30 Tagen eine Antwort. Wird Ihrem Antrag stattgegeben, senden wir Ihnen Kopien aller Sie betreffenden Daten, die wir oder in unserem Auftrag von anderen Auftragsverarbeitern oder Dritten verarbeitet haben, an die uns bekannte E-Mail-Adresse. In diesem Fall k\u00f6nnen wir Ihnen den Dienst voraussichtlich nicht mehr anbieten, da die sichere Verkn\u00fcpfung der Datendateien nicht mehr gew\u00e4hrleistet werden kann.<\/p>\n<\/div>\n<\/div>\n<\/div>\n<\/div>\n<div class=\"page\" title=\"Seite 5\">\n<div class=\"section\">\n<div class=\"layoutArea\">\n<div class=\"column\">\n<p><strong>Widerspruchsrecht und sonstige Rechte<br \/><\/strong>Sie haben in bestimmten F\u00e4llen das Recht, der Verarbeitung Ihrer personenbezogenen Daten durch oder im Auftrag von zozowonen zu widersprechen. Im Falle eines Widerspruchs stellen wir die Datenverarbeitung bis zur Bearbeitung Ihres Widerspruchs umgehend ein. Ist Ihr Widerspruch begr\u00fcndet, stellen wir Ihnen Kopien der von uns verarbeiteten (oder verarbeiteten) Daten zur Verf\u00fcgung und stellen die Verarbeitung anschlie\u00dfend dauerhaft ein. Dar\u00fcber hinaus haben Sie das Recht, keiner ausschlie\u00dflich auf einer automatisierten Verarbeitung beruhenden Entscheidung oder Profilerstellung unterworfen zu werden. Wir verarbeiten Ihre Daten nicht in einer Weise, die dieses Recht greift. Sollten Sie der Ansicht sein, dass dies der Fall ist, wenden Sie sich bitte an unseren Datenschutzbeauftragten.<\/p>\n<\/div>\n<\/div>\n<div class=\"section\">\n<div class=\"layoutArea\">\n<div class=\"column\">\n<p><strong>Cookies<br \/><\/strong>Google Analytics. Im Rahmen des Dienstes \u201cAnalytics\u201d werden \u00fcber unsere Website Cookies des US-amerikanischen Unternehmens Google platziert. Wir nutzen diesen Dienst, um das Besucherverhalten auf unserer Website zu analysieren und Berichte dar\u00fcber zu erstellen. Google ist unter Umst\u00e4nden gem\u00e4\u00df geltenden Gesetzen und Vorschriften verpflichtet, Zugriff auf diese Daten zu gew\u00e4hren. Wir erfassen Informationen \u00fcber Ihr Surfverhalten und teilen diese Daten mit Google. Google kann diese Informationen in Verbindung mit anderen Datens\u00e4tzen auswerten und so Ihre Aktivit\u00e4ten im Internet nachverfolgen. Google verwendet diese Informationen unter anderem, um Ihnen zielgerichtete Werbung (AdWords) sowie weitere Google-Dienste und -Produkte anzubieten.<\/p>\n<p><strong>Cookies von Drittanbietern<br \/><\/strong>Falls Softwarel\u00f6sungen von Drittanbietern Cookies verwenden, wird dies in dieser Datenschutzerkl\u00e4rung angegeben.<\/p>\n<\/div>\n<\/div>\n<\/div>\n<div class=\"section\">\n<div class=\"layoutArea\">\n<div class=\"column\">\n<p><strong>\u00c4nderungen der Datenschutzrichtlinie<br \/><\/strong>Wir behalten uns das Recht vor, unsere Datenschutzrichtlinie jederzeit zu \u00e4ndern. Die jeweils aktuelle Version finden Sie jedoch stets auf dieser Seite. Sollte die neue Datenschutzrichtlinie Auswirkungen auf die Verarbeitung Ihrer bereits erhobenen Daten haben, werden wir Sie per E-Mail benachrichtigen.<\/p>\n<p align=\"left\"><strong>WebwinkelKeur<\/strong><br \/>Wir sammeln Bewertungen \u00fcber die Plattform WebwinkelKeur. Wenn Sie \u00fcber WebwinkelKeur eine Bewertung abgeben, m\u00fcssen Sie Ihren Namen und Ihre E-Mail-Adresse angeben. WebwinkelKeur teilt uns diese Daten mit, damit wir die Bewertung Ihrer Bestellung zuordnen k\u00f6nnen. WebwinkelKeur ver\u00f6ffentlicht Ihren Namen au\u00dferdem auf der eigenen Website. In einigen F\u00e4llen kontaktiert WebwinkelKeur Sie m\u00f6glicherweise, um Ihre Bewertung zu kl\u00e4ren.<\/p>\n<p align=\"left\">Falls wir Sie um eine Bewertung bitten, geben wir Ihren Namen und Ihre E-Mail-Adresse an WebwinkelKeur weiter. WebwinkelKeur nutzt diese Daten ausschlie\u00dflich, um Sie zur Bewertung einzuladen. WebwinkelKeur hat geeignete technische und organisatorische Ma\u00dfnahmen zum Schutz Ihrer personenbezogenen Daten getroffen. WebwinkelKeur beh\u00e4lt sich das Recht vor, Dritte mit der Erbringung der Dienstleistungen zu beauftragen; wir haben WebwinkelKeur hierzu die Erlaubnis erteilt.<\/p>\n<p align=\"left\">Alle oben genannten Sicherheitsvorkehrungen hinsichtlich des Schutzes Ihrer personenbezogenen Daten gelten auch f\u00fcr die Teile der Dienstleistung, f\u00fcr die WebwinkelKeur Dritte einsetzt.<\/p>\n<\/div>\n<\/div>\n<\/div>\n<div class=\"section\">\n<div class=\"layoutArea\">\n<div class=\"column\">\n<p><strong>Kontaktdetails zozowonen<br \/><\/strong>Hoofdweg 173, 9697NG Blijham Niederlande. <br \/>E-Mail: <a href=\"mailto:info@\">Info@<\/a><\/p>\n<p><strong>Ansprechpartner f\u00fcr Datenschutzfragen<br \/><\/strong>Louis Smith<\/p>\n<\/div>\n<\/div>\n<\/div>\n<\/div>\n<\/div>\n\t\t\t\t\t\t\t\t<\/div>\n\t\t\t\t<\/div>\n\t\t\t\t\t<\/div>\n\t\t<\/div>\n\t\t\t\t\t<\/div>\n\t\t<\/section>\n\t\t\t\t<\/div>","protected":false},"excerpt":{"rendered":"<p>Privacybeleid zozowonen Over ons privacybeleidzozowonen geeft veel om uw privacy. Wij verwerken daarom uitsluitend gegevens die wij nodig hebben voor<\/p>","protected":false},"author":2,"featured_media":0,"parent":0,"menu_order":0,"comment_status":"closed","ping_status":"closed","template":"","meta":{"_joinchat":[],"footnotes":""},"class_list":["post-3","page","type-page","status-publish","hentry"],"_links":{"self":[{"href":"https:\/\/zozowonen.nl\/de\/wp-json\/wp\/v2\/pages\/3","targetHints":{"allow":["GET"]}}],"collection":[{"href":"https:\/\/zozowonen.nl\/de\/wp-json\/wp\/v2\/pages"}],"about":[{"href":"https:\/\/zozowonen.nl\/de\/wp-json\/wp\/v2\/types\/page"}],"author":[{"embeddable":true,"href":"https:\/\/zozowonen.nl\/de\/wp-json\/wp\/v2\/users\/2"}],"replies":[{"embeddable":true,"href":"https:\/\/zozowonen.nl\/de\/wp-json\/wp\/v2\/comments?post=3"}],"version-history":[{"count":0,"href":"https:\/\/zozowonen.nl\/de\/wp-json\/wp\/v2\/pages\/3\/revisions"}],"wp:attachment":[{"href":"https:\/\/zozowonen.nl\/de\/wp-json\/wp\/v2\/media?parent=3"}],"curies":[{"name":"wp","href":"https:\/\/api.w.org\/{rel}","templated":true}]}}