{"id":29723,"date":"2026-03-10T08:30:05","date_gmt":"2026-03-10T08:30:05","guid":{"rendered":"https:\/\/zozowonen.nl\/?page_id=29723"},"modified":"2026-03-31T07:53:19","modified_gmt":"2026-03-31T07:53:19","slug":"over-ons","status":"publish","type":"page","link":"https:\/\/zozowonen.nl\/de\/over-ons\/","title":{"rendered":"\u00dcber uns"},"content":{"rendered":"<div data-elementor-type=\"wp-page\" data-elementor-id=\"29723\" class=\"elementor elementor-29723\">\n\t\t\t\t\t\t<section class=\"wd-negative-gap elementor-section elementor-top-section elementor-element elementor-element-4e44933 elementor-section-boxed elementor-section-height-default elementor-section-height-default\" data-id=\"4e44933\" data-element_type=\"section\" data-e-type=\"section\">\n\t\t\t\t\t\t<div class=\"elementor-container elementor-column-gap-default\">\n\t\t\t\t\t<div class=\"elementor-column elementor-col-50 elementor-top-column elementor-element elementor-element-f64dc01\" data-id=\"f64dc01\" data-element_type=\"column\" data-e-type=\"column\">\n\t\t\t<div class=\"elementor-widget-wrap elementor-element-populated\">\n\t\t\t\t\t\t<div class=\"elementor-element elementor-element-a8e16a0 elementor-widget elementor-widget-heading\" data-id=\"a8e16a0\" data-element_type=\"widget\" data-e-type=\"widget\" data-widget_type=\"heading.default\">\n\t\t\t\t<div class=\"elementor-widget-container\">\n\t\t\t\t\t<h2 class=\"elementor-heading-title elementor-size-default\">\u00dcber ZOZO Living<\/h2>\t\t\t\t<\/div>\n\t\t\t\t<\/div>\n\t\t\t\t<div class=\"elementor-element elementor-element-c28d0bf elementor-widget elementor-widget-wd_text_block\" data-id=\"c28d0bf\" data-element_type=\"widget\" data-e-type=\"widget\" data-widget_type=\"wd_text_block.default\">\n\t\t\t\t<div class=\"elementor-widget-container\">\n\t\t\t\t\t\t\t<div class=\"wd-text-block reset-last-child text-left\">\n\t\t\t\n\t\t\t<p class=\"isSelectedEnd\">Bei ZOZOWonen dreht sich alles um Atmosph\u00e4re, W\u00e4rme und ein Interieur, das sich wirklich wie ein Zuhause anf\u00fchlt. Ausgehend von unserer langj\u00e4hrigen Leidenschaft f\u00fcr rustikale Wohnaccessoires haben wir eine Kollektion kreiert, die perfekt zu einem warmen, rustikalen Interieur passt. Keine Massenware, sondern sorgf\u00e4ltig ausgew\u00e4hlte St\u00fccke, die Charakter und Ruhe ausstrahlen.<\/p><p class=\"isSelectedEnd\">Wir sind \u00fcberzeugt, dass Wohnaccessoires einem Zuhause eine pers\u00f6nliche Note verleihen. Deshalb w\u00e4hlen wir unsere Kollektion mit gr\u00f6\u00dfter Sorgfalt aus. Jedes Produkt in unserem Webshop \u2013 von Holzschalen und Kerzenst\u00e4ndern \u00fcber authentische Kr\u00fcge, Jalousien und Einkaufsk\u00f6rbe bis hin zu Deko-Accessoires \u2013 wurde sorgf\u00e4ltig ausgew\u00e4hlt, weil es dem robusten, schlichten und rustikalen Stil entspricht, den wir so lieben.<\/p><p class=\"isSelectedEnd\">Service ist uns genauso wichtig wie unser Produktsortiment. Wir m\u00f6chten, dass sich unsere Kunden in unserem Webshop wohlf\u00fchlen und sicher bei uns bestellen. Deshalb legen wir gr\u00f6\u00dften Wert auf pers\u00f6nlichen Service und Kundenbetreuung. Haben Sie Fragen zu einem Produkt oder Ihrer Bestellung oder ben\u00f6tigen Sie Beratung? Wir helfen Ihnen gerne weiter.<\/p><p>Mit ZOZOWonen m\u00f6chten wir Sie dazu inspirieren, Ihr Zuhause in einen warmen und einladenden Ort zu verwandeln. Einen Ort, an dem rustikale Wohnaccessoires Ruhe und Charakter schaffen und ein Interieur bieten, das Sie jeden Tag genie\u00dfen k\u00f6nnen.<\/p>\n\t\t\t\t\t<\/div>\n\t\t\t\t\t\t<\/div>\n\t\t\t\t<\/div>\n\t\t\t\t\t<\/div>\n\t\t<\/div>\n\t\t\t\t<div class=\"elementor-column elementor-col-50 elementor-top-column elementor-element elementor-element-c36ed7c\" data-id=\"c36ed7c\" data-element_type=\"column\" data-e-type=\"column\">\n\t\t\t<div class=\"elementor-widget-wrap elementor-element-populated\">\n\t\t\t\t\t\t<div class=\"elementor-element elementor-element-489dfae elementor-widget elementor-widget-spacer\" data-id=\"489dfae\" data-element_type=\"widget\" data-e-type=\"widget\" data-widget_type=\"spacer.default\">\n\t\t\t\t<div class=\"elementor-widget-container\">\n\t\t\t\t\t\t\t<div class=\"elementor-spacer\">\n\t\t\t<div class=\"elementor-spacer-inner\"><\/div>\n\t\t<\/div>\n\t\t\t\t\t\t<\/div>\n\t\t\t\t<\/div>\n\t\t\t\t<div class=\"elementor-element elementor-element-ce10a5c elementor-widget elementor-widget-wd_image_or_svg\" data-id=\"ce10a5c\" data-element_type=\"widget\" data-e-type=\"widget\" data-widget_type=\"wd_image_or_svg.default\">\n\t\t\t\t<div class=\"elementor-widget-container\">\n\t\t\t\t\t\n\t\t<div class=\"wd-image text-left\">\n\t\t\t\t\t\t\t\t<img loading=\"lazy\" decoding=\"async\" width=\"1024\" height=\"768\" src=\"https:\/\/zozowonen.nl\/wp-content\/uploads\/2026\/03\/zozowonen-over-ons.jpg\" class=\"attachment-full size-full\" alt=\"\" srcset=\"https:\/\/zozowonen.nl\/wp-content\/uploads\/2026\/03\/zozowonen-over-ons.jpg 1024w, https:\/\/zozowonen.nl\/wp-content\/uploads\/2026\/03\/zozowonen-over-ons-400x300.jpg 400w, https:\/\/zozowonen.nl\/wp-content\/uploads\/2026\/03\/zozowonen-over-ons-768x576.jpg 768w, https:\/\/zozowonen.nl\/wp-content\/uploads\/2026\/03\/zozowonen-over-ons-430x323.jpg 430w, https:\/\/zozowonen.nl\/wp-content\/uploads\/2026\/03\/zozowonen-over-ons-700x525.jpg 700w, https:\/\/zozowonen.nl\/wp-content\/uploads\/2026\/03\/zozowonen-over-ons-150x113.jpg 150w\" sizes=\"auto, (max-width: 1024px) 100vw, 1024px\">\t\t\t\t\t<\/div>\n\n\t\t\t\t\t\t<\/div>\n\t\t\t\t<\/div>\n\t\t\t\t\t<\/div>\n\t\t<\/div>\n\t\t\t\t\t<\/div>\n\t\t<\/section>\n\t\t\t\t<section class=\"wd-negative-gap elementor-section elementor-top-section elementor-element elementor-element-bb88bc3 elementor-section-boxed elementor-section-height-default elementor-section-height-default\" data-id=\"bb88bc3\" data-element_type=\"section\" data-e-type=\"section\">\n\t\t\t\t\t\t<div class=\"elementor-container elementor-column-gap-default\">\n\t\t\t\t\t<div class=\"elementor-column elementor-col-50 elementor-top-column elementor-element elementor-element-3bfcdff\" data-id=\"3bfcdff\" data-element_type=\"column\" data-e-type=\"column\">\n\t\t\t<div class=\"elementor-widget-wrap elementor-element-populated\">\n\t\t\t\t\t\t<div class=\"elementor-element elementor-element-f28e825 elementor-widget elementor-widget-wd_image_or_svg\" data-id=\"f28e825\" data-element_type=\"widget\" data-e-type=\"widget\" data-widget_type=\"wd_image_or_svg.default\">\n\t\t\t\t<div class=\"elementor-widget-container\">\n\t\t\t\t\t\n\t\t<div class=\"wd-image text-left\">\n\t\t\t\t\t\t\t\t<img loading=\"lazy\" decoding=\"async\" width=\"1024\" height=\"768\" src=\"https:\/\/zozowonen.nl\/wp-content\/uploads\/2026\/03\/zozowonen-caddy.jpg\" class=\"attachment-full size-full\" alt=\"\" srcset=\"https:\/\/zozowonen.nl\/wp-content\/uploads\/2026\/03\/zozowonen-caddy.jpg 1024w, https:\/\/zozowonen.nl\/wp-content\/uploads\/2026\/03\/zozowonen-caddy-400x300.jpg 400w, https:\/\/zozowonen.nl\/wp-content\/uploads\/2026\/03\/zozowonen-caddy-768x576.jpg 768w, https:\/\/zozowonen.nl\/wp-content\/uploads\/2026\/03\/zozowonen-caddy-430x323.jpg 430w, https:\/\/zozowonen.nl\/wp-content\/uploads\/2026\/03\/zozowonen-caddy-700x525.jpg 700w, https:\/\/zozowonen.nl\/wp-content\/uploads\/2026\/03\/zozowonen-caddy-150x113.jpg 150w\" sizes=\"auto, (max-width: 1024px) 100vw, 1024px\">\t\t\t\t\t<\/div>\n\n\t\t\t\t\t\t<\/div>\n\t\t\t\t<\/div>\n\t\t\t\t\t<\/div>\n\t\t<\/div>\n\t\t\t\t<div class=\"elementor-column elementor-col-50 elementor-top-column elementor-element elementor-element-9151019\" data-id=\"9151019\" data-element_type=\"column\" data-e-type=\"column\">\n\t\t\t<div class=\"elementor-widget-wrap elementor-element-populated\">\n\t\t\t\t\t\t<div class=\"elementor-element elementor-element-447d275 elementor-widget elementor-widget-wd_text_block\" data-id=\"447d275\" data-element_type=\"widget\" data-e-type=\"widget\" data-widget_type=\"wd_text_block.default\">\n\t\t\t\t<div class=\"elementor-widget-container\">\n\t\t\t\t\t\t\t<div class=\"wd-text-block reset-last-child text-left\">\n\t\t\t\n\t\t\t<p class=\"isSelectedEnd\">Hinter ZOZOWonen steht ein kleiner, engagierter Onlineshop, in dem sowohl Produktqualit\u00e4t als auch Kundenservice h\u00f6chste Priorit\u00e4t haben. Wir w\u00e4hlen unsere Wohnaccessoires im Landhausstil sorgf\u00e4ltig selbst aus und achten dabei ausschlie\u00dflich auf Artikel, die den robusten, schlichten und rustikalen Stil, den wir so lieben, perfekt erg\u00e4nzen. Keine kurzlebigen Trends, sondern zeitlose Accessoires, die jedem Interieur im Landhausstil Atmosph\u00e4re und Charakter verleihen.<\/p><p>Wir legen gro\u00dfen Wert auf den pers\u00f6nlichen Kontakt. Gerne helfen wir unseren Kunden bei Fragen zu Produkten, Bestellungen oder der Gestaltung eines Landhaus-Interieurs. So m\u00f6chten wir Ihnen nicht nur sch\u00f6ne Wohnaccessoires bieten, sondern auch einen angenehmen und zuverl\u00e4ssigen Online-Shop, in dem Sie bedenkenlos bestellen k\u00f6nnen.<\/p><p>Wir hoffen, dass Sie in unserer Kollektion rustikaler Wohnaccessoires genauso viel Atmosph\u00e4re und Inspiration finden wie wir bei ihrer Gestaltung. St\u00f6bern Sie gerne in unserem Webshop und entdecken Sie Artikel, die Ihrem Zuhause ein warmes, rustikales Flair verleihen.<\/p>\n\t\t\t\t\t<\/div>\n\t\t\t\t\t\t<\/div>\n\t\t\t\t<\/div>\n\t\t\t\t\t<\/div>\n\t\t<\/div>\n\t\t\t\t\t<\/div>\n\t\t<\/section>\n\t\t\t\t<\/div>","protected":false},"excerpt":{"rendered":"<p>Over ZOZO Wonen Bij ZOZOWonen draait alles om sfeer, warmte en een interieur dat echt als thuis voelt. Vanuit onze<\/p>","protected":false},"author":2,"featured_media":0,"parent":0,"menu_order":0,"comment_status":"closed","ping_status":"closed","template":"","meta":{"_joinchat":[],"footnotes":""},"class_list":["post-29723","page","type-page","status-publish","hentry"],"_links":{"self":[{"href":"https:\/\/zozowonen.nl\/de\/wp-json\/wp\/v2\/pages\/29723","targetHints":{"allow":["GET"]}}],"collection":[{"href":"https:\/\/zozowonen.nl\/de\/wp-json\/wp\/v2\/pages"}],"about":[{"href":"https:\/\/zozowonen.nl\/de\/wp-json\/wp\/v2\/types\/page"}],"author":[{"embeddable":true,"href":"https:\/\/zozowonen.nl\/de\/wp-json\/wp\/v2\/users\/2"}],"replies":[{"embeddable":true,"href":"https:\/\/zozowonen.nl\/de\/wp-json\/wp\/v2\/comments?post=29723"}],"version-history":[{"count":52,"href":"https:\/\/zozowonen.nl\/de\/wp-json\/wp\/v2\/pages\/29723\/revisions"}],"predecessor-version":[{"id":29791,"href":"https:\/\/zozowonen.nl\/de\/wp-json\/wp\/v2\/pages\/29723\/revisions\/29791"}],"wp:attachment":[{"href":"https:\/\/zozowonen.nl\/de\/wp-json\/wp\/v2\/media?parent=29723"}],"curies":[{"name":"wp","href":"https:\/\/api.w.org\/{rel}","templated":true}]}}