{"id":18746,"date":"2023-11-23T07:25:38","date_gmt":"2023-11-23T07:25:38","guid":{"rendered":"https:\/?page_id=18746"},"modified":"2025-12-03T08:13:06","modified_gmt":"2025-12-03T08:13:06","slug":"klachtenregeling","status":"publish","type":"page","link":"https:\/\/zozowonen.nl\/de\/klachtenregeling\/","title":{"rendered":"Beschwerdeverfahren"},"content":{"rendered":"<div data-elementor-type=\"wp-page\" data-elementor-id=\"18746\" class=\"elementor elementor-18746\">\n\t\t\t\t\t\t<section class=\"wd-negative-gap elementor-section elementor-top-section elementor-element elementor-element-f09190a elementor-section-boxed elementor-section-height-default elementor-section-height-default\" data-id=\"f09190a\" data-element_type=\"section\" data-e-type=\"section\">\n\t\t\t\t\t\t<div class=\"elementor-container elementor-column-gap-default\">\n\t\t\t\t\t<div class=\"elementor-column elementor-col-100 elementor-top-column elementor-element elementor-element-3edc69f\" data-id=\"3edc69f\" data-element_type=\"column\" data-e-type=\"column\">\n\t\t\t<div class=\"elementor-widget-wrap elementor-element-populated\">\n\t\t\t\t\t\t<div class=\"elementor-element elementor-element-3d674ad elementor-widget elementor-widget-wd_text_block\" data-id=\"3d674ad\" data-element_type=\"widget\" data-e-type=\"widget\" data-widget_type=\"wd_text_block.default\">\n\t\t\t\t<div class=\"elementor-widget-container\">\n\t\t\t\t\t\t\t<div class=\"wd-text-block reset-last-child text-left\">\n\t\t\t\n\t\t\t<p align=\"left\"><strong>Beschwerdeverfahren<br \/><\/strong>Es kann immer mal vorkommen, dass etwas nicht ganz wie geplant verl\u00e4uft. Wir empfehlen Ihnen, uns etwaige Beschwerden zun\u00e4chst per E-Mail mitzuteilen. <a href=\"mailto:info@\">info@zozowonen.nl<\/a>. Sollte dies zu keiner L\u00f6sung f\u00fchren, k\u00f6nnen Sie Ihre Streitigkeit \u00fcber WebwinkelKeur zur Mediation anmelden. <a href=\"https:\/\/www.webwinkelkeur.nl\/kennisbank\/consumenten\/geschil\" target=\"_blank\" rel=\"noopener\">https:\/\/www.webwinkelkeur.nl\/kennisbank\/consumenten\/geschil<\/a>.\u00a0<\/p><p align=\"left\">Verbraucher in der EU k\u00f6nnen Beschwerden auch \u00fcber die ODR-Plattform der Europ\u00e4ischen Kommission einreichen. Diese ODR-Plattform finden Sie unter [Link einf\u00fcgen]. <a href=\"http:\/\/ec.europa.eu\/odr\" target=\"_blank\" rel=\"noopener\">http:\/\/ec.europa.eu\/odr<\/a>. Falls Ihre Beschwerde nicht bereits anderweitig bearbeitet wird, steht es Ihnen frei, Ihre Beschwerde \u00fcber die Plattform der Europ\u00e4ischen Union einzureichen.\"<\/p>\n\t\t\t\t\t<\/div>\n\t\t\t\t\t\t<\/div>\n\t\t\t\t<\/div>\n\t\t\t\t\t<\/div>\n\t\t<\/div>\n\t\t\t\t\t<\/div>\n\t\t<\/section>\n\t\t\t\t<\/div>","protected":false},"excerpt":{"rendered":"<p>KlachtenregelingHet kan altijd voorkomen dat er iets niet helemaal gaat zoals gepland. We raden je aan om klachten eerst bij<\/p>","protected":false},"author":2,"featured_media":0,"parent":0,"menu_order":0,"comment_status":"closed","ping_status":"closed","template":"","meta":{"_joinchat":[],"footnotes":""},"class_list":["post-18746","page","type-page","status-publish","hentry"],"_links":{"self":[{"href":"https:\/\/zozowonen.nl\/de\/wp-json\/wp\/v2\/pages\/18746","targetHints":{"allow":["GET"]}}],"collection":[{"href":"https:\/\/zozowonen.nl\/de\/wp-json\/wp\/v2\/pages"}],"about":[{"href":"https:\/\/zozowonen.nl\/de\/wp-json\/wp\/v2\/types\/page"}],"author":[{"embeddable":true,"href":"https:\/\/zozowonen.nl\/de\/wp-json\/wp\/v2\/users\/2"}],"replies":[{"embeddable":true,"href":"https:\/\/zozowonen.nl\/de\/wp-json\/wp\/v2\/comments?post=18746"}],"version-history":[{"count":3,"href":"https:\/\/zozowonen.nl\/de\/wp-json\/wp\/v2\/pages\/18746\/revisions"}],"predecessor-version":[{"id":28256,"href":"https:\/\/zozowonen.nl\/de\/wp-json\/wp\/v2\/pages\/18746\/revisions\/28256"}],"wp:attachment":[{"href":"https:\/\/zozowonen.nl\/de\/wp-json\/wp\/v2\/media?parent=18746"}],"curies":[{"name":"wp","href":"https:\/\/api.w.org\/{rel}","templated":true}]}}