{"id":17127,"date":"2023-09-25T07:15:09","date_gmt":"2023-09-25T07:15:09","guid":{"rendered":"https:\/?page_id=17127"},"modified":"2026-02-09T08:08:23","modified_gmt":"2026-02-09T08:08:23","slug":"retourneren","status":"publish","type":"page","link":"https:\/\/zozowonen.nl\/de\/retourneren\/","title":{"rendered":"R\u00fccksendungen"},"content":{"rendered":"<div data-elementor-type=\"wp-page\" data-elementor-id=\"17127\" class=\"elementor elementor-17127\">\n\t\t\t\t\t\t<section class=\"wd-negative-gap elementor-section elementor-top-section elementor-element elementor-element-a628391 elementor-section-boxed elementor-section-height-default elementor-section-height-default\" data-id=\"a628391\" data-element_type=\"section\" data-e-type=\"section\">\n\t\t\t\t\t\t<div class=\"elementor-container elementor-column-gap-default\">\n\t\t\t\t\t<div class=\"elementor-column elementor-col-100 elementor-top-column elementor-element elementor-element-dee136a\" data-id=\"dee136a\" data-element_type=\"column\" data-e-type=\"column\">\n\t\t\t<div class=\"elementor-widget-wrap elementor-element-populated\">\n\t\t\t\t\t\t<div class=\"elementor-element elementor-element-60a28e4 elementor-widget elementor-widget-wd_text_block\" data-id=\"60a28e4\" data-element_type=\"widget\" data-e-type=\"widget\" data-widget_type=\"wd_text_block.default\">\n\t\t\t\t<div class=\"elementor-widget-container\">\n\t\t\t\t\t\t\t<div class=\"wd-text-block reset-last-child text-left\">\n\t\t\t\n\t\t\t<h3><strong>Mit Ihrer Bestellung nicht zufrieden?<\/strong><\/h3><p>Es kann nat\u00fcrlich vorkommen, dass Sie mit Ihrer Bestellung nicht zufrieden sind oder dass diese nicht Ihren Erwartungen entspricht. Sie haben das Recht, Ihre Bestellung innerhalb von 14 Tagen nach Erhalt ohne Angabe von Gr\u00fcnden zu stornieren. Nach der Stornierung haben Sie weitere 14 Tage Zeit, das Produkt zur\u00fcckzusenden.<\/p><p>Sie erhalten anschlie\u00dfend eine Gutschrift \u00fcber den vollen Bestellbetrag, abz\u00fcglich der Versandkosten. Die Kosten f\u00fcr die R\u00fccksendung des Artikels von Ihrer Adresse an den Webshop sowie das damit verbundene Risiko tragen Sie selbst. Diese Kosten k\u00f6nnen je nach Versanddienstleister variieren; bitte informieren Sie sich auf der Website Ihres Versanddienstleisters \u00fcber die genauen Tarife.\u00a0<\/p><h3 data-start=\"160\" data-end=\"204\">Warum sind R\u00fccksendungen nicht kostenlos?<\/h3><p data-start=\"205\" data-end=\"703\">Wir achten bewusst auf faire Produktpreise. Gro\u00dfe Plattformen wie bol.com operieren in v\u00f6llig anderen Dimensionen als unabh\u00e4ngige Online-Shops. Diese Plattformen versenden und empfangen t\u00e4glich Zehntausende Pakete und erhalten daher extrem g\u00fcnstige Konditionen von den Versanddienstleistern.<\/p><p data-start=\"205\" data-end=\"703\">Als kleiner, unabh\u00e4ngiger Onlineshop arbeiten wir nicht mit solchen Mengen und m\u00f6chten die R\u00fccksendekosten nicht in unseren Preisen verstecken. Daher berechnen wir die R\u00fccksendekosten nur, wenn ein Artikel tats\u00e4chlich zur\u00fcckgesendet wird. Ist ein Produkt besch\u00e4digt oder falsch geliefert worden? Dann \u00fcbernehmen wir selbstverst\u00e4ndlich die R\u00fccksendekosten.<\/p><p class=\"p1\"><strong>Wenn Sie von Ihrem Widerrufsrecht Gebrauch machen, wird das Produkt zusammen mit s\u00e4mtlichem mitgelieferten Zubeh\u00f6r und \u2013 soweit dies vern\u00fcnftigerweise m\u00f6glich ist \u2013 im Originalzustand und in der Originalverpackung an ZOZOWonen zur\u00fcckgesandt.<\/strong><\/p><p class=\"p1\"><span style=\"text-decoration: underline;\"><strong>Anmerkung;<\/strong><\/span> Wenn das Produkt besch\u00e4digt ist oder die Verpackung st\u00e4rker besch\u00e4digt ist, als es zum Testen des Produkts notwendig w\u00e4re, k\u00f6nnen wir Ihnen diese Wertminderung des Produkts in Rechnung stellen. <span style=\"text-decoration: underline;\"><strong>Behandeln Sie das Produkt daher mit Sorgfalt und stellen Sie sicher, dass es bei der R\u00fccksendung ordnungsgem\u00e4\u00df verpackt ist.<\/strong><\/span><\/p><p>Um von diesem Recht Gebrauch zu machen, kontaktieren Sie uns bitte unter info@zozowonen.nl und melden Sie die R\u00fccksendung an. Sobald wir die Ware in einwandfreiem Zustand erhalten haben, erstatten wir Ihnen den Bestellbetrag innerhalb von 7 Tagen nach Eingang Ihrer R\u00fccksendung.<\/p><p><strong>Absenderadresse:<\/strong><br \/><strong>ZOZOWonen<\/strong><br \/><strong>Hauptstra\u00dfe 173, 9697NG Blijham<\/strong><\/p><h3>Handel<\/h3><p>Ein Umtausch ist ebenfalls m\u00f6glich. Wenn Sie einen Artikel umtauschen m\u00f6chten, senden Sie ihn bitte an ZOZOWonen zur\u00fcck. Nach Erhalt der Ware in einwandfreiem Zustand erstatten wir Ihnen den Kaufpreis. Anschlie\u00dfend k\u00f6nnen Sie einen anderen Artikel in unserem Webshop bestellen.<\/p>\n\t\t\t\t\t<\/div>\n\t\t\t\t\t\t<\/div>\n\t\t\t\t<\/div>\n\t\t\t\t\t<\/div>\n\t\t<\/div>\n\t\t\t\t\t<\/div>\n\t\t<\/section>\n\t\t\t\t<\/div>","protected":false},"excerpt":{"rendered":"<p>Nicht zufrieden mit Ihrer Bestellung? Nat\u00fcrlich kann es vorkommen, dass Sie mit Ihrer Bestellung nicht zufrieden sind und\/oder dass sie<\/p>","protected":false},"author":2,"featured_media":0,"parent":0,"menu_order":0,"comment_status":"closed","ping_status":"closed","template":"","meta":{"_joinchat":[],"footnotes":""},"class_list":["post-17127","page","type-page","status-publish","hentry"],"_links":{"self":[{"href":"https:\/\/zozowonen.nl\/de\/wp-json\/wp\/v2\/pages\/17127","targetHints":{"allow":["GET"]}}],"collection":[{"href":"https:\/\/zozowonen.nl\/de\/wp-json\/wp\/v2\/pages"}],"about":[{"href":"https:\/\/zozowonen.nl\/de\/wp-json\/wp\/v2\/types\/page"}],"author":[{"embeddable":true,"href":"https:\/\/zozowonen.nl\/de\/wp-json\/wp\/v2\/users\/2"}],"replies":[{"embeddable":true,"href":"https:\/\/zozowonen.nl\/de\/wp-json\/wp\/v2\/comments?post=17127"}],"version-history":[{"count":18,"href":"https:\/\/zozowonen.nl\/de\/wp-json\/wp\/v2\/pages\/17127\/revisions"}],"predecessor-version":[{"id":29123,"href":"https:\/\/zozowonen.nl\/de\/wp-json\/wp\/v2\/pages\/17127\/revisions\/29123"}],"wp:attachment":[{"href":"https:\/\/zozowonen.nl\/de\/wp-json\/wp\/v2\/media?parent=17127"}],"curies":[{"name":"wp","href":"https:\/\/api.w.org\/{rel}","templated":true}]}}