{"id":17017,"date":"2023-09-23T07:49:47","date_gmt":"2023-09-23T07:49:47","guid":{"rendered":"https:\/?page_id=17017"},"modified":"2025-12-03T08:10:39","modified_gmt":"2025-12-03T08:10:39","slug":"verzending-en-bezorgen","status":"publish","type":"page","link":"https:\/\/zozowonen.nl\/de\/verzending-en-bezorgen\/","title":{"rendered":"Verzending en bezorgen"},"content":{"rendered":"<div data-elementor-type=\"wp-page\" data-elementor-id=\"17017\" class=\"elementor elementor-17017\">\n\t\t\t\t\t\t<section class=\"wd-negative-gap elementor-section elementor-top-section elementor-element elementor-element-305749d elementor-section-boxed elementor-section-height-default elementor-section-height-default\" data-id=\"305749d\" data-element_type=\"section\" data-e-type=\"section\">\n\t\t\t\t\t\t<div class=\"elementor-container elementor-column-gap-default\">\n\t\t\t\t\t<div class=\"elementor-column elementor-col-100 elementor-top-column elementor-element elementor-element-b61e2d1\" data-id=\"b61e2d1\" data-element_type=\"column\" data-e-type=\"column\">\n\t\t\t<div class=\"elementor-widget-wrap elementor-element-populated\">\n\t\t\t\t\t\t<div class=\"elementor-element elementor-element-7f2d4a0 elementor-widget elementor-widget-wd_text_block\" data-id=\"7f2d4a0\" data-element_type=\"widget\" data-e-type=\"widget\" data-widget_type=\"wd_text_block.default\">\n\t\t\t\t<div class=\"elementor-widget-container\">\n\t\t\t\t\t\t\t<div class=\"wd-text-block reset-last-child text-left\">\n\t\t\t\n\t\t\t<p>ZOZOWonen versendet Ihre Bestellung mit PostNL oder DHL. Wenn Sie in der N\u00e4he wohnen, bieten wir Ihnen au\u00dferdem die M\u00f6glichkeit, Ihre Bestellung nach Vereinbarung abzuholen. Diese Option k\u00f6nnen Sie im Bestellprozess ausw\u00e4hlen.<\/p><p><span style=\"text-decoration: underline;\"><strong>Lieferzeiten:<\/strong><\/span> <br \/><em>Die Lieferzeit f\u00fcr Pakete innerhalb der Niederlande betr\u00e4gt in der Regel einen Tag, wenn die Bestellung vor 16:00 Uhr eingeht. Aufgrund h\u00f6herer Gewalt, Verz\u00f6gerungen oder anderer Gr\u00fcnde kann es jedoch leider zu l\u00e4ngeren Lieferzeiten kommen. Selbstverst\u00e4ndlich werden Sie dar\u00fcber informiert.<\/em><br \/><em>Die Lieferzeiten f\u00fcr Sendungen nach Belgien betragen je nach Bestimmungsort 2 bis 7 Werktage.<\/em><br \/><em>Die Lieferzeiten f\u00fcr Sendungen nach Deutschland betragen je nach Bestimmungsort 2 bis 7 Werktage.<br \/><\/em><\/p><p><span style=\"text-decoration: underline;\"><strong>R\u00fcckverfolgbarkeit:<\/strong><\/span> <br \/><em>Alle Sendungen erhalten eine Sendungsnummer, mit der Sie den Status Ihrer Sendung \u00fcber die Website von PostNL oder DHL verfolgen k\u00f6nnen. Sie werden au\u00dferdem per E-Mail \u00fcber den Sendungsstatus informiert.<\/em><\/p><p><span style=\"text-decoration: underline;\"><strong>Kosten und kostenloser Versand:<\/strong><\/span> <br \/><em>Die Versandkosten f\u00fcr Pakete innerhalb der Niederlande betragen 6,95 \u20ac. F\u00fcr Briefkastensendungen innerhalb der Niederlande betragen die Versandkosten 4,50 \u20ac.\u00a0<\/em><br \/><em>- F\u00fcr Lieferungen nach Belgien betragen die Versandkosten 9,95 \u20ac.<br \/>- F\u00fcr Lieferungen nach Deutschland betragen die Versandkosten 9,95 \u20ac.<br \/>- Bei Bestellungen \u00fcber 150 \u20ac ist der Versand in den Niederlanden und Belgien kostenlos.<\/em><\/p><p><span style=\"text-decoration: underline;\"><strong>Verpackung und Umwelt:<\/strong><\/span> <br \/>Um sicherzustellen, dass Ihre Bestellung in einwandfreiem Zustand bei Ihnen ankommt, achten wir sorgf\u00e4ltig auf die geeigneten Verpackungsmaterialien und versuchen, unn\u00f6tige oder \u00fcberdimensionierte Verpackungen zu vermeiden.<\/p><p class=\"p1\">Wir bem\u00fchen uns im Rahmen unseres Nachhaltigkeitsengagements, Verpackungsmaterialien so oft wie m\u00f6glich wiederzuverwenden. Durch Recycling und Wiederverwendung reduzieren wir unseren \u00f6kologischen Fu\u00dfabdruck und tragen zum Schutz nat\u00fcrlicher Ressourcen bei. Diese Vorgehensweise entspricht dem Engagement von ZOZOWonen f\u00fcr umweltfreundliches Wirtschaften und tr\u00e4gt zu einer nachhaltigeren Zukunft bei.<\/p>\n\t\t\t\t\t<\/div>\n\t\t\t\t\t\t<\/div>\n\t\t\t\t<\/div>\n\t\t\t\t\t<\/div>\n\t\t<\/div>\n\t\t\t\t\t<\/div>\n\t\t<\/section>\n\t\t\t\t<\/div>","protected":false},"excerpt":{"rendered":"<p>ZOZOWonen maakt gebruik van PostNL of DHL voor de verzending van je bestelling. Woon je in de buurt dan bieden<\/p>","protected":false},"author":2,"featured_media":0,"parent":0,"menu_order":0,"comment_status":"closed","ping_status":"closed","template":"","meta":{"_joinchat":[],"footnotes":""},"class_list":["post-17017","page","type-page","status-publish","hentry"],"_links":{"self":[{"href":"https:\/\/zozowonen.nl\/de\/wp-json\/wp\/v2\/pages\/17017","targetHints":{"allow":["GET"]}}],"collection":[{"href":"https:\/\/zozowonen.nl\/de\/wp-json\/wp\/v2\/pages"}],"about":[{"href":"https:\/\/zozowonen.nl\/de\/wp-json\/wp\/v2\/types\/page"}],"author":[{"embeddable":true,"href":"https:\/\/zozowonen.nl\/de\/wp-json\/wp\/v2\/users\/2"}],"replies":[{"embeddable":true,"href":"https:\/\/zozowonen.nl\/de\/wp-json\/wp\/v2\/comments?post=17017"}],"version-history":[{"count":9,"href":"https:\/\/zozowonen.nl\/de\/wp-json\/wp\/v2\/pages\/17017\/revisions"}],"predecessor-version":[{"id":28253,"href":"https:\/\/zozowonen.nl\/de\/wp-json\/wp\/v2\/pages\/17017\/revisions\/28253"}],"wp:attachment":[{"href":"https:\/\/zozowonen.nl\/de\/wp-json\/wp\/v2\/media?parent=17017"}],"curies":[{"name":"wp","href":"https:\/\/api.w.org\/{rel}","templated":true}]}}