{"id":16691,"date":"2023-09-15T07:14:52","date_gmt":"2023-09-15T07:14:52","guid":{"rendered":"https:\/?page_id=16691"},"modified":"2024-02-11T08:03:27","modified_gmt":"2024-02-11T08:03:27","slug":"disclaimer","status":"publish","type":"page","link":"https:\/\/zozowonen.nl\/de\/disclaimer\/","title":{"rendered":"Haftungsausschluss"},"content":{"rendered":"<div data-elementor-type=\"wp-page\" data-elementor-id=\"16691\" class=\"elementor elementor-16691\">\n\t\t\t\t\t\t<section class=\"wd-negative-gap elementor-section elementor-top-section elementor-element elementor-element-a880134 elementor-section-boxed elementor-section-height-default elementor-section-height-default\" data-id=\"a880134\" data-element_type=\"section\" data-e-type=\"section\">\n\t\t\t\t\t\t<div class=\"elementor-container elementor-column-gap-default\">\n\t\t\t\t\t<div class=\"elementor-column elementor-col-100 elementor-top-column elementor-element elementor-element-96bbe46\" data-id=\"96bbe46\" data-element_type=\"column\" data-e-type=\"column\">\n\t\t\t<div class=\"elementor-widget-wrap elementor-element-populated\">\n\t\t\t\t\t\t<div class=\"elementor-element elementor-element-37d7d22 elementor-widget elementor-widget-wd_text_block\" data-id=\"37d7d22\" data-element_type=\"widget\" data-e-type=\"widget\" data-widget_type=\"wd_text_block.default\">\n\t\t\t\t<div class=\"elementor-widget-container\">\n\t\t\t\t\t\t\t<div class=\"wd-text-block reset-last-child text-left\">\n\t\t\t\n\t\t\t<p><strong>Haftungsausschluss f\u00fcr https:<\/strong><\/p><p>Auf dieser Seite finden Sie den Haftungsausschluss f\u00fcr https:\/\/, bereitgestellt von zozowonen. In diesem Haftungsausschluss legen wir dar, unter welchen Bedingungen wir Ihnen die Informationen auf unserer Website zur Verf\u00fcgung stellen.<\/p><p><strong>Geistiges Eigentum<\/strong><\/p><p>Die Nutzung der Informationen auf dieser Website ist kostenlos, solange Sie diese Informationen nicht kopieren, verbreiten oder anderweitig verwenden oder missbrauchen. Die Weiterverwendung der Informationen auf dieser Website ist nur im Einklang mit den Bestimmungen zwingender Gesetze zul\u00e4ssig.<\/p><p>Ohne die ausdr\u00fcckliche schriftliche Genehmigung von zozowonen ist die Wiederverwendung von Texten, Designs, Logos, Fotos oder anderen Materialien dieser Website nicht gestattet. Das geistige Eigentum liegt bei zozowonen.<\/p><p><strong>Keine Gew\u00e4hr f\u00fcr die Richtigkeit<\/strong><\/p><p><strong>Gegebenenfalls:<\/strong><\/p><p>Bez\u00fcglich der auf unserer Website angegebenen Preise bem\u00fchen wir uns um eine m\u00f6glichst genaue Darstellung der tats\u00e4chlichen und der beabsichtigten Preise. Eventuelle Fehler, die auf Programmier- oder Tippfehler zur\u00fcckzuf\u00fchren sind, begr\u00fcnden jedoch in keinem Fall einen Anspruch auf einen Vertrag oder eine Vereinbarung mit zozowonen.<\/p><p>zozowonen ist stets bem\u00fcht, seine Website so aktuell wie m\u00f6glich zu halten. Sollten die Informationen oder Inhalte auf dieser Website trotz dieser Bem\u00fchungen unvollst\u00e4ndig und\/oder fehlerhaft sein, \u00fcbernehmen wir hierf\u00fcr keine Haftung.<\/p><p>Die Informationen und\/oder Produkte auf dieser Website werden ohne jegliche Gew\u00e4hrleistung oder Anspruch auf Richtigkeit angeboten. Wir behalten uns das Recht vor, diese Inhalte ohne vorherige Ank\u00fcndigung zu \u00e4ndern, zu entfernen oder erneut zu ver\u00f6ffentlichen. zozowonen \u00fcbernimmt keine Haftung f\u00fcr Informationen, auf die wir \u00fcber Hyperlinks verweisen.<a href=\"https:\/\/www.excellent-links.nl\/\" target=\"_blank\" rel=\"noopener\">Link<\/a>s beziehen sich.<\/p><p><strong>\u00c4nderungen<\/strong><\/p><p>Sollte sich dieser Haftungsausschluss \u00e4ndern, finden Sie die aktuellste Version des https:-Haftungsausschlusses auf dieser Seite.<\/p>\n\t\t\t\t\t<\/div>\n\t\t\t\t\t\t<\/div>\n\t\t\t\t<\/div>\n\t\t\t\t\t<\/div>\n\t\t<\/div>\n\t\t\t\t\t<\/div>\n\t\t<\/section>\n\t\t\t\t<\/div>","protected":false},"excerpt":{"rendered":"<p>Disclaimer voor https: Op deze pagina vindt u de disclaimer van https:, zoals deze beschikbaar is gesteld door zozowonen. In<\/p>","protected":false},"author":2,"featured_media":0,"parent":0,"menu_order":0,"comment_status":"closed","ping_status":"closed","template":"","meta":{"_joinchat":[],"footnotes":""},"class_list":["post-16691","page","type-page","status-publish","hentry"],"_links":{"self":[{"href":"https:\/\/zozowonen.nl\/de\/wp-json\/wp\/v2\/pages\/16691","targetHints":{"allow":["GET"]}}],"collection":[{"href":"https:\/\/zozowonen.nl\/de\/wp-json\/wp\/v2\/pages"}],"about":[{"href":"https:\/\/zozowonen.nl\/de\/wp-json\/wp\/v2\/types\/page"}],"author":[{"embeddable":true,"href":"https:\/\/zozowonen.nl\/de\/wp-json\/wp\/v2\/users\/2"}],"replies":[{"embeddable":true,"href":"https:\/\/zozowonen.nl\/de\/wp-json\/wp\/v2\/comments?post=16691"}],"version-history":[{"count":0,"href":"https:\/\/zozowonen.nl\/de\/wp-json\/wp\/v2\/pages\/16691\/revisions"}],"wp:attachment":[{"href":"https:\/\/zozowonen.nl\/de\/wp-json\/wp\/v2\/media?parent=16691"}],"curies":[{"name":"wp","href":"https:\/\/api.w.org\/{rel}","templated":true}]}}